{"id":7640,"date":"2026-02-12T12:55:46","date_gmt":"2026-02-12T12:55:46","guid":{"rendered":"https:\/\/caresupport.dk\/?page_id=7640"},"modified":"2026-02-19T08:30:49","modified_gmt":"2026-02-19T08:30:49","slug":"job-og-karriere-i-caresupport","status":"publish","type":"page","link":"https:\/\/caresupport.dk\/en\/job-og-karriere-i-caresupport\/","title":{"rendered":"Job og karriere i CareSupport"},"content":{"rendered":"<div data-elementor-type=\"wp-page\" data-elementor-id=\"7640\" class=\"elementor elementor-7640\" data-elementor-post-type=\"page\">\n\t\t\t\t<div class=\"elementor-element elementor-element-3986e8c e-flex e-con-boxed e-con e-parent\" data-id=\"3986e8c\" data-element_type=\"container\" data-e-type=\"container\">\n\t\t\t\t\t<div class=\"e-con-inner\">\n\t\t<div class=\"elementor-element elementor-element-e21d65b e-con-full e-flex e-con e-child\" data-id=\"e21d65b\" data-element_type=\"container\" data-e-type=\"container\" data-settings=\"{&quot;background_background&quot;:&quot;classic&quot;}\">\n\t\t\t\t<div class=\"elementor-element elementor-element-ecdf7a1 elementor-widget elementor-widget-heading\" data-id=\"ecdf7a1\" data-element_type=\"widget\" data-e-type=\"widget\" data-widget_type=\"heading.default\">\n\t\t\t\t<div class=\"elementor-widget-container\">\n\t\t\t\t\t<h1 class=\"elementor-heading-title elementor-size-default\">Job &amp; Karriere <br>i CareSupport<\/h1>\t\t\t\t<\/div>\n\t\t\t\t<\/div>\n\t\t\t\t<\/div>\n\t\t\t\t\t<\/div>\n\t\t\t\t<\/div>\n\t\t<div class=\"elementor-element elementor-element-c10c640 e-flex e-con-boxed e-con e-parent\" data-id=\"c10c640\" data-element_type=\"container\" data-e-type=\"container\" data-settings=\"{&quot;background_background&quot;:&quot;classic&quot;}\">\n\t\t\t\t\t<div class=\"e-con-inner\">\n\t\t\t\t<div class=\"elementor-element elementor-element-7674ba4 elementor-widget elementor-widget-heading\" data-id=\"7674ba4\" data-element_type=\"widget\" data-e-type=\"widget\" data-widget_type=\"heading.default\">\n\t\t\t\t<div class=\"elementor-widget-container\">\n\t\t\t\t\t<h2 class=\"elementor-heading-title elementor-size-default\">Se ledige jobs her nederst p\u00e5 siden<\/h2>\t\t\t\t<\/div>\n\t\t\t\t<\/div>\n\t\t\t\t\t<\/div>\n\t\t\t\t<\/div>\n\t\t<div class=\"elementor-element elementor-element-ff30946 e-flex e-con-boxed e-con e-parent\" data-id=\"ff30946\" data-element_type=\"container\" data-e-type=\"container\" data-settings=\"{&quot;background_background&quot;:&quot;classic&quot;}\">\n\t\t\t\t\t<div class=\"e-con-inner\">\n\t\t\t\t<div class=\"elementor-element elementor-element-2c6be8b elementor-widget elementor-widget-heading\" data-id=\"2c6be8b\" data-element_type=\"widget\" data-e-type=\"widget\" data-widget_type=\"heading.default\">\n\t\t\t\t<div class=\"elementor-widget-container\">\n\t\t\t\t\t<div class=\"elementor-heading-title elementor-size-default\">Hvordan er det at arbejde i CareSupport?<\/div>\t\t\t\t<\/div>\n\t\t\t\t<\/div>\n\t\t\t\t\t<\/div>\n\t\t\t\t<\/div>\n\t\t<div class=\"elementor-element elementor-element-b8e705e e-flex e-con-boxed e-con e-parent\" data-id=\"b8e705e\" data-element_type=\"container\" data-e-type=\"container\" data-settings=\"{&quot;background_background&quot;:&quot;classic&quot;}\">\n\t\t\t\t\t<div class=\"e-con-inner\">\n\t\t<div class=\"elementor-element elementor-element-936262b e-con-full e-flex e-con e-child\" data-id=\"936262b\" data-element_type=\"container\" data-e-type=\"container\">\n\t\t\t\t<div class=\"elementor-element elementor-element-a134da3 elementor-widget elementor-widget-image\" data-id=\"a134da3\" data-element_type=\"widget\" data-e-type=\"widget\" data-widget_type=\"image.default\">\n\t\t\t\t<div class=\"elementor-widget-container\">\n\t\t\t\t\t\t\t\t\t\t\t\t\t\t\t<img fetchpriority=\"high\" decoding=\"async\" width=\"300\" height=\"264\" src=\"https:\/\/caresupport.dk\/wp-content\/uploads\/2026\/02\/Design-uden-navn-1-2-300x264.webp\" class=\"attachment-medium size-medium wp-image-8597\" alt=\"\" srcset=\"https:\/\/caresupport.dk\/wp-content\/uploads\/2026\/02\/Design-uden-navn-1-2-300x264.webp 300w, https:\/\/caresupport.dk\/wp-content\/uploads\/2026\/02\/Design-uden-navn-1-2-1024x903.webp 1024w, https:\/\/caresupport.dk\/wp-content\/uploads\/2026\/02\/Design-uden-navn-1-2-150x132.webp 150w, https:\/\/caresupport.dk\/wp-content\/uploads\/2026\/02\/Design-uden-navn-1-2-768x677.webp 768w, https:\/\/caresupport.dk\/wp-content\/uploads\/2026\/02\/Design-uden-navn-1-2-1536x1354.webp 1536w, https:\/\/caresupport.dk\/wp-content\/uploads\/2026\/02\/Design-uden-navn-1-2-2048x1805.webp 2048w, https:\/\/caresupport.dk\/wp-content\/uploads\/2026\/02\/Design-uden-navn-1-2-14x12.webp 14w\" sizes=\"(max-width: 300px) 100vw, 300px\" \/>\t\t\t\t\t\t\t\t\t\t\t\t\t\t\t<\/div>\n\t\t\t\t<\/div>\n\t\t\t\t<\/div>\n\t\t<div class=\"elementor-element elementor-element-6124a49 e-con-full e-flex e-con e-child\" data-id=\"6124a49\" data-element_type=\"container\" data-e-type=\"container\">\n\t\t\t\t<div class=\"elementor-element elementor-element-f837979 elementor-widget elementor-widget-heading\" data-id=\"f837979\" data-element_type=\"widget\" data-e-type=\"widget\" data-widget_type=\"heading.default\">\n\t\t\t\t<div class=\"elementor-widget-container\">\n\t\t\t\t\t<h2 class=\"elementor-heading-title elementor-size-default\">Magnus Sode; IT-konsulent<\/h2>\t\t\t\t<\/div>\n\t\t\t\t<\/div>\n\t\t\t\t<div class=\"elementor-element elementor-element-733898c elementor-widget elementor-widget-text-editor\" data-id=\"733898c\" data-element_type=\"widget\" data-e-type=\"widget\" data-widget_type=\"text-editor.default\">\n\t\t\t\t<div class=\"elementor-widget-container\">\n\t\t\t\t\t\t\t\t\t<p>Man f\u00e5r et fantastisk indblik i IT-verdenen og hvad der egentlig skal til, for at vores digitale hverdag spiller, og man f\u00e5r lov til at v\u00e6re med til at forbedre virksomheder og infrastruktur. Det er meget alsidigt, den ene dag kan man sidde hos en kunde og oprette nye brugere, og den n\u00e6ste dag kan man v\u00e6re i udlandet, sendt afsted p\u00e5 en opgave for at s\u00e6tte netv\u00e6rk op.<\/p>\t\t\t\t\t\t\t\t<\/div>\n\t\t\t\t<\/div>\n\t\t\t\t<\/div>\n\t\t\t\t\t<\/div>\n\t\t\t\t<\/div>\n\t\t<div class=\"elementor-element elementor-element-824a8dc e-flex e-con-boxed e-con e-parent\" data-id=\"824a8dc\" data-element_type=\"container\" data-e-type=\"container\" data-settings=\"{&quot;background_background&quot;:&quot;classic&quot;}\">\n\t\t\t\t\t<div class=\"e-con-inner\">\n\t\t<div class=\"elementor-element elementor-element-97319de e-con-full e-flex e-con e-child\" data-id=\"97319de\" data-element_type=\"container\" data-e-type=\"container\">\n\t\t<div class=\"elementor-element elementor-element-d05611f e-con-full e-flex e-con e-child\" data-id=\"d05611f\" data-element_type=\"container\" data-e-type=\"container\">\n\t\t\t\t<div class=\"elementor-element elementor-element-df88f9c elementor-widget elementor-widget-heading\" data-id=\"df88f9c\" data-element_type=\"widget\" data-e-type=\"widget\" data-widget_type=\"heading.default\">\n\t\t\t\t<div class=\"elementor-widget-container\">\n\t\t\t\t\t<h2 class=\"elementor-heading-title elementor-size-default\">Mads egevang; udek\u00f8rende it supporter<\/h2>\t\t\t\t<\/div>\n\t\t\t\t<\/div>\n\t\t\t\t<div class=\"elementor-element elementor-element-c211ef9 elementor-widget elementor-widget-text-editor\" data-id=\"c211ef9\" data-element_type=\"widget\" data-e-type=\"widget\" data-widget_type=\"text-editor.default\">\n\t\t\t\t<div class=\"elementor-widget-container\">\n\t\t\t\t\t\t\t\t\t<p>Jeg har v\u00e6ret omringet af kollegaer p\u00e5 denne arbejdsplads, der er dedikerede og passionerede omkring deres arbejde, og som ser v\u00e6rdien i at l\u00e6re fra sig p\u00e5 kryds og tv\u00e6rs. Jeg er konstant blevet m\u00f8dt med venlighed, im\u00f8dekommenhed og en interesse for at have mig med til at forme, hvad CareSupport er, og hvilken vej virksomheden skal g\u00e5 i fremtiden.<\/p>\t\t\t\t\t\t\t\t<\/div>\n\t\t\t\t<\/div>\n\t\t\t\t<\/div>\n\t\t\t\t<\/div>\n\t\t<div class=\"elementor-element elementor-element-b9309b5 e-con-full e-flex e-con e-child\" data-id=\"b9309b5\" data-element_type=\"container\" data-e-type=\"container\">\n\t\t\t\t<div class=\"elementor-element elementor-element-bdd64f1 elementor-widget elementor-widget-image\" data-id=\"bdd64f1\" data-element_type=\"widget\" data-e-type=\"widget\" data-widget_type=\"image.default\">\n\t\t\t\t<div class=\"elementor-widget-container\">\n\t\t\t\t\t\t\t\t\t\t\t\t\t\t\t<img decoding=\"async\" width=\"300\" height=\"264\" src=\"https:\/\/caresupport.dk\/wp-content\/uploads\/2026\/02\/CareSupport-medarbejderbilleder-2-2-300x264.webp\" class=\"attachment-medium size-medium wp-image-8599\" alt=\"\" srcset=\"https:\/\/caresupport.dk\/wp-content\/uploads\/2026\/02\/CareSupport-medarbejderbilleder-2-2-300x264.webp 300w, https:\/\/caresupport.dk\/wp-content\/uploads\/2026\/02\/CareSupport-medarbejderbilleder-2-2-1024x903.webp 1024w, https:\/\/caresupport.dk\/wp-content\/uploads\/2026\/02\/CareSupport-medarbejderbilleder-2-2-150x132.webp 150w, https:\/\/caresupport.dk\/wp-content\/uploads\/2026\/02\/CareSupport-medarbejderbilleder-2-2-768x677.webp 768w, https:\/\/caresupport.dk\/wp-content\/uploads\/2026\/02\/CareSupport-medarbejderbilleder-2-2-1536x1354.webp 1536w, https:\/\/caresupport.dk\/wp-content\/uploads\/2026\/02\/CareSupport-medarbejderbilleder-2-2-2048x1805.webp 2048w, https:\/\/caresupport.dk\/wp-content\/uploads\/2026\/02\/CareSupport-medarbejderbilleder-2-2-14x12.webp 14w\" sizes=\"(max-width: 300px) 100vw, 300px\" \/>\t\t\t\t\t\t\t\t\t\t\t\t\t\t\t<\/div>\n\t\t\t\t<\/div>\n\t\t\t\t<\/div>\n\t\t\t\t\t<\/div>\n\t\t\t\t<\/div>\n\t\t<div class=\"elementor-element elementor-element-5b4d4a1 e-flex e-con-boxed e-con e-parent\" data-id=\"5b4d4a1\" data-element_type=\"container\" data-e-type=\"container\" data-settings=\"{&quot;background_background&quot;:&quot;classic&quot;}\">\n\t\t\t\t\t<div class=\"e-con-inner\">\n\t\t<div class=\"elementor-element elementor-element-f17769d e-con-full e-flex e-con e-child\" data-id=\"f17769d\" data-element_type=\"container\" data-e-type=\"container\">\n\t\t\t\t<div class=\"elementor-element elementor-element-553667f elementor-widget elementor-widget-image\" data-id=\"553667f\" data-element_type=\"widget\" data-e-type=\"widget\" data-widget_type=\"image.default\">\n\t\t\t\t<div class=\"elementor-widget-container\">\n\t\t\t\t\t\t\t\t\t\t\t\t\t\t\t<img decoding=\"async\" width=\"300\" height=\"264\" src=\"https:\/\/caresupport.dk\/wp-content\/uploads\/2026\/02\/Design-uden-navn-2-300x264.webp\" class=\"attachment-medium size-medium wp-image-8598\" alt=\"\" srcset=\"https:\/\/caresupport.dk\/wp-content\/uploads\/2026\/02\/Design-uden-navn-2-300x264.webp 300w, https:\/\/caresupport.dk\/wp-content\/uploads\/2026\/02\/Design-uden-navn-2-1024x903.webp 1024w, https:\/\/caresupport.dk\/wp-content\/uploads\/2026\/02\/Design-uden-navn-2-150x132.webp 150w, https:\/\/caresupport.dk\/wp-content\/uploads\/2026\/02\/Design-uden-navn-2-768x677.webp 768w, https:\/\/caresupport.dk\/wp-content\/uploads\/2026\/02\/Design-uden-navn-2-1536x1354.webp 1536w, https:\/\/caresupport.dk\/wp-content\/uploads\/2026\/02\/Design-uden-navn-2-2048x1805.webp 2048w, https:\/\/caresupport.dk\/wp-content\/uploads\/2026\/02\/Design-uden-navn-2-14x12.webp 14w\" sizes=\"(max-width: 300px) 100vw, 300px\" \/>\t\t\t\t\t\t\t\t\t\t\t\t\t\t\t<\/div>\n\t\t\t\t<\/div>\n\t\t\t\t<\/div>\n\t\t<div class=\"elementor-element elementor-element-0f4cdb5 e-con-full e-flex e-con e-child\" data-id=\"0f4cdb5\" data-element_type=\"container\" data-e-type=\"container\">\n\t\t\t\t<div class=\"elementor-element elementor-element-d94d790 elementor-widget elementor-widget-heading\" data-id=\"d94d790\" data-element_type=\"widget\" data-e-type=\"widget\" data-widget_type=\"heading.default\">\n\t\t\t\t<div class=\"elementor-widget-container\">\n\t\t\t\t\t<h2 class=\"elementor-heading-title elementor-size-default\">Catrine Christensen; Office- &amp; marketing manager<\/h2>\t\t\t\t<\/div>\n\t\t\t\t<\/div>\n\t\t\t\t<div class=\"elementor-element elementor-element-c72fd02 elementor-widget elementor-widget-text-editor\" data-id=\"c72fd02\" data-element_type=\"widget\" data-e-type=\"widget\" data-widget_type=\"text-editor.default\">\n\t\t\t\t<div class=\"elementor-widget-container\">\n\t\t\t\t\t\t\t\t\t<p>I CareSupport er der plads til at tage ansvar, byde ind med id\u00e9er og l\u00e6re nye ting. Man bliver hurtigt en del af f\u00e6llesskabet og f\u00e5r reel indflydelse p\u00e5 sin hverdag. For mig er CareSupport et sted, hvor man ikke kun udvikler sig, men ogs\u00e5 l\u00e6rer virkelig meget og vokser med opgaverne. Det er et sted, hvor man bliver set, h\u00f8rt og taget seri\u00f8st uanset erfaring.<\/p>\t\t\t\t\t\t\t\t<\/div>\n\t\t\t\t<\/div>\n\t\t\t\t<\/div>\n\t\t\t\t\t<\/div>\n\t\t\t\t<\/div>\n\t\t<div class=\"elementor-element elementor-element-52523bb e-flex e-con-boxed e-con e-parent\" data-id=\"52523bb\" data-element_type=\"container\" data-e-type=\"container\" data-settings=\"{&quot;background_background&quot;:&quot;classic&quot;}\">\n\t\t\t\t\t<div class=\"e-con-inner\">\n\t\t\t\t<div class=\"elementor-element elementor-element-4df630d elementor-widget elementor-widget-heading\" data-id=\"4df630d\" data-element_type=\"widget\" data-e-type=\"widget\" data-widget_type=\"heading.default\">\n\t\t\t\t<div class=\"elementor-widget-container\">\n\t\t\t\t\t<h2 class=\"elementor-heading-title elementor-size-default\">Hvad kan man lave som ansat i CareSupport?<\/h2>\t\t\t\t<\/div>\n\t\t\t\t<\/div>\n\t\t\t\t<div class=\"elementor-element elementor-element-a6301cc elementor-widget elementor-widget-text-editor\" data-id=\"a6301cc\" data-element_type=\"widget\" data-e-type=\"widget\" data-widget_type=\"text-editor.default\">\n\t\t\t\t<div class=\"elementor-widget-container\">\n\t\t\t\t\t\t\t\t\t<p>Hos CareSupport arbejder du med IT, mennesker og l\u00f8sninger, der g\u00f8r en forskel i hverdagen for vores kunder. Du kan b\u00e5de v\u00e6re en del af vores team af IT-konsulenter, hvor du r\u00e5dgiver og l\u00f8ser komplekse opgaver, eller arbejde med udek\u00f8rende support, hvor du er t\u00e6t p\u00e5 kunderne og hj\u00e6lper direkte ude hos dem. F\u00e6lles for rollerne er et h\u00f8jt fagligt niveau, frihed under ansvar og et st\u00e6rkt f\u00e6llesskab. Hos os udvikler du dig gennem ansvar, variation og t\u00e6t samarbejde med b\u00e5de kunder og kollegaer.<\/p>\t\t\t\t\t\t\t\t<\/div>\n\t\t\t\t<\/div>\n\t\t\t\t<div class=\"elementor-element elementor-element-f5a157c elementor-widget elementor-widget-text-editor\" data-id=\"f5a157c\" data-element_type=\"widget\" data-e-type=\"widget\" data-widget_type=\"text-editor.default\">\n\t\t\t\t<div class=\"elementor-widget-container\">\n\t\t\t\t\t\t\t\t\t<p><strong>L\u00e6s mere om IT-konsulenternes arbejde her:<\/strong><\/p>\t\t\t\t\t\t\t\t<\/div>\n\t\t\t\t<\/div>\n\t\t\t\t<div class=\"elementor-element elementor-element-5240a58 elementor-widget elementor-widget-button\" data-id=\"5240a58\" data-element_type=\"widget\" data-e-type=\"widget\" data-widget_type=\"button.default\">\n\t\t\t\t<div class=\"elementor-widget-container\">\n\t\t\t\t\t\t\t\t\t<div class=\"elementor-button-wrapper\">\n\t\t\t\t\t<a class=\"elementor-button elementor-button-link elementor-size-sm\" href=\"https:\/\/caresupport.dk\/en\/vores-it-konsulenter\/\">\n\t\t\t\t\t\t<span class=\"elementor-button-content-wrapper\">\n\t\t\t\t\t\t\t\t\t<span class=\"elementor-button-text\">IT-konsulenter<\/span>\n\t\t\t\t\t<\/span>\n\t\t\t\t\t<\/a>\n\t\t\t\t<\/div>\n\t\t\t\t\t\t\t\t<\/div>\n\t\t\t\t<\/div>\n\t\t\t\t<div class=\"elementor-element elementor-element-e430a8b elementor-widget elementor-widget-text-editor\" data-id=\"e430a8b\" data-element_type=\"widget\" data-e-type=\"widget\" data-widget_type=\"text-editor.default\">\n\t\t\t\t<div class=\"elementor-widget-container\">\n\t\t\t\t\t\t\t\t\t<p><strong>Eller er du mere interesseret i den udek\u00f8rende support, s\u00e5 l\u00e6s her:\u00a0<\/strong><\/p>\t\t\t\t\t\t\t\t<\/div>\n\t\t\t\t<\/div>\n\t\t\t\t<div class=\"elementor-element elementor-element-9dec091 elementor-widget elementor-widget-button\" data-id=\"9dec091\" data-element_type=\"widget\" data-e-type=\"widget\" data-widget_type=\"button.default\">\n\t\t\t\t<div class=\"elementor-widget-container\">\n\t\t\t\t\t\t\t\t\t<div class=\"elementor-button-wrapper\">\n\t\t\t\t\t<a class=\"elementor-button elementor-button-link elementor-size-sm\" href=\"https:\/\/caresupport.dk\/en\/udekoerende-it-support\/\">\n\t\t\t\t\t\t<span class=\"elementor-button-content-wrapper\">\n\t\t\t\t\t\t\t\t\t<span class=\"elementor-button-text\">Udek\u00f8rende IT support<\/span>\n\t\t\t\t\t<\/span>\n\t\t\t\t\t<\/a>\n\t\t\t\t<\/div>\n\t\t\t\t\t\t\t\t<\/div>\n\t\t\t\t<\/div>\n\t\t\t\t\t<\/div>\n\t\t\t\t<\/div>\n\t\t<div class=\"elementor-element elementor-element-e7a73b4 e-flex e-con-boxed e-con e-parent\" data-id=\"e7a73b4\" data-element_type=\"container\" data-e-type=\"container\" data-settings=\"{&quot;background_background&quot;:&quot;classic&quot;}\">\n\t\t\t\t\t<div class=\"e-con-inner\">\n\t\t\t\t<div class=\"elementor-element elementor-element-70bc14e elementor-widget elementor-widget-heading\" data-id=\"70bc14e\" data-element_type=\"widget\" data-e-type=\"widget\" data-widget_type=\"heading.default\">\n\t\t\t\t<div class=\"elementor-widget-container\">\n\t\t\t\t\t<h2 class=\"elementor-heading-title elementor-size-default\">Ledige stillinger i CareSupport<\/h2>\t\t\t\t<\/div>\n\t\t\t\t<\/div>\n\t\t\t\t\t<\/div>\n\t\t\t\t<\/div>\n\t\t<div class=\"elementor-element elementor-element-9eebbc7 e-flex e-con-boxed e-con e-parent\" data-id=\"9eebbc7\" data-element_type=\"container\" data-e-type=\"container\" data-settings=\"{&quot;background_background&quot;:&quot;classic&quot;}\">\n\t\t\t\t\t<div class=\"e-con-inner\">\n\t\t<div class=\"elementor-element elementor-element-aec88d7 e-con-full e-flex e-con e-child\" data-id=\"aec88d7\" data-element_type=\"container\" data-e-type=\"container\" data-settings=\"{&quot;background_background&quot;:&quot;classic&quot;}\">\n\t\t\t\t<div class=\"elementor-element elementor-element-7c771a0 elementor-widget elementor-widget-heading\" data-id=\"7c771a0\" data-element_type=\"widget\" data-e-type=\"widget\" data-widget_type=\"heading.default\">\n\t\t\t\t<div class=\"elementor-widget-container\">\n\t\t\t\t\t<h2 class=\"elementor-heading-title elementor-size-default\">Finansmedarbejder (deltid)<\/h2>\t\t\t\t<\/div>\n\t\t\t\t<\/div>\n\t\t\t\t<div class=\"elementor-element elementor-element-ccd82f5 elementor-widget elementor-widget-text-editor\" data-id=\"ccd82f5\" data-element_type=\"widget\" data-e-type=\"widget\" data-widget_type=\"text-editor.default\">\n\t\t\t\t<div class=\"elementor-widget-container\">\n\t\t\t\t\t\t\t\t\t<p>Vi s\u00f8ger en skarp og l\u00e6renem finansmedarbejder til en deltidsstilling p\u00e5 ca. 10-15 timer om ugen, som kan hj\u00e6lpe med vores daglige \u00f8konomi og administrative opgaver.\u00a0<\/p><p>Vi forestiller os, at du:\u00a0<\/p><ul><li>Har noget erfaring med finans\/\u00f8konomi\u00a0<\/li><li>Arbejder struktureret og har \u00f8je for detaljer\u00a0<\/li><li>Er l\u00e6renem og tager ansvar\u00a0<br \/><br \/><\/li><\/ul><p>Lyder det som noget for dig?\u00a0<\/p>\t\t\t\t\t\t\t\t<\/div>\n\t\t\t\t<\/div>\n\t\t\t\t<div class=\"elementor-element elementor-element-363238f elementor-widget elementor-widget-heading\" data-id=\"363238f\" data-element_type=\"widget\" data-e-type=\"widget\" data-widget_type=\"heading.default\">\n\t\t\t\t<div class=\"elementor-widget-container\">\n\t\t\t\t\t<h2 class=\"elementor-heading-title elementor-size-default\">Send CV og en kortans\u00f8gning til <a href=\"mailto:job@caresupport.dk\">job@caresupport.dk<\/a>\n<br><\/h2>\t\t\t\t<\/div>\n\t\t\t\t<\/div>\n\t\t\t\t<div class=\"elementor-element elementor-element-841232a elementor-widget elementor-widget-text-editor\" data-id=\"841232a\" data-element_type=\"widget\" data-e-type=\"widget\" data-widget_type=\"text-editor.default\">\n\t\t\t\t<div class=\"elementor-widget-container\">\n\t\t\t\t\t\t\t\t\t<p>Har du sp\u00f8rgsm\u00e5l eller blot er nysgerrig p\u00e5 at vide mere, s\u00e5 t\u00f8v endelig ikke med at kontakte os.\u00a0<\/p>\t\t\t\t\t\t\t\t<\/div>\n\t\t\t\t<\/div>\n\t\t\t\t<\/div>\n\t\t<div class=\"elementor-element elementor-element-c2ca5de e-con-full e-flex e-con e-child\" data-id=\"c2ca5de\" data-element_type=\"container\" data-e-type=\"container\" data-settings=\"{&quot;background_background&quot;:&quot;classic&quot;}\">\n\t\t\t\t<div class=\"elementor-element elementor-element-c56f1c1 elementor-widget elementor-widget-heading\" data-id=\"c56f1c1\" data-element_type=\"widget\" data-e-type=\"widget\" data-widget_type=\"heading.default\">\n\t\t\t\t<div class=\"elementor-widget-container\">\n\t\t\t\t\t<h2 class=\"elementor-heading-title elementor-size-default\">Uopfordrede ans\u00f8gninger<\/h2>\t\t\t\t<\/div>\n\t\t\t\t<\/div>\n\t\t\t\t<div class=\"elementor-element elementor-element-a064a5c elementor-widget elementor-widget-text-editor\" data-id=\"a064a5c\" data-element_type=\"widget\" data-e-type=\"widget\" data-widget_type=\"text-editor.default\">\n\t\t\t\t<div class=\"elementor-widget-container\">\n\t\t\t\t\t\t\t\t\t<p>Selvom vi ikke lige nu har nogle ledige stilliger sl\u00e5et op, vil vi gerne h\u00f8re fra dig.\u00a0<\/p><p>Vi vil n\u00f8dig misse den rette person, s\u00e5 send gerne en uopfordret ans\u00f8gning. Vi er altid klar p\u00e5 en snak eller en kop kaffe.\u00a0<\/p>\t\t\t\t\t\t\t\t<\/div>\n\t\t\t\t<\/div>\n\t\t\t\t<div class=\"elementor-element elementor-element-e92b007 elementor-widget elementor-widget-image\" data-id=\"e92b007\" data-element_type=\"widget\" data-e-type=\"widget\" data-widget_type=\"image.default\">\n\t\t\t\t<div class=\"elementor-widget-container\">\n\t\t\t\t\t\t\t\t\t\t\t\t\t\t\t<img loading=\"lazy\" decoding=\"async\" width=\"300\" height=\"200\" src=\"https:\/\/caresupport.dk\/wp-content\/uploads\/2026\/02\/ChatGPT-Image-12.-feb.-2026-13.39.37-300x200.webp\" class=\"attachment-medium size-medium wp-image-8556\" alt=\"\" srcset=\"https:\/\/caresupport.dk\/wp-content\/uploads\/2026\/02\/ChatGPT-Image-12.-feb.-2026-13.39.37-300x200.webp 300w, https:\/\/caresupport.dk\/wp-content\/uploads\/2026\/02\/ChatGPT-Image-12.-feb.-2026-13.39.37-1024x683.webp 1024w, https:\/\/caresupport.dk\/wp-content\/uploads\/2026\/02\/ChatGPT-Image-12.-feb.-2026-13.39.37-150x100.webp 150w, https:\/\/caresupport.dk\/wp-content\/uploads\/2026\/02\/ChatGPT-Image-12.-feb.-2026-13.39.37-768x512.webp 768w, https:\/\/caresupport.dk\/wp-content\/uploads\/2026\/02\/ChatGPT-Image-12.-feb.-2026-13.39.37-18x12.webp 18w, https:\/\/caresupport.dk\/wp-content\/uploads\/2026\/02\/ChatGPT-Image-12.-feb.-2026-13.39.37.webp 1536w\" sizes=\"(max-width: 300px) 100vw, 300px\" \/>\t\t\t\t\t\t\t\t\t\t\t\t\t\t\t<\/div>\n\t\t\t\t<\/div>\n\t\t\t\t<div class=\"elementor-element elementor-element-5cbc18d elementor-widget elementor-widget-heading\" data-id=\"5cbc18d\" data-element_type=\"widget\" data-e-type=\"widget\" data-widget_type=\"heading.default\">\n\t\t\t\t<div class=\"elementor-widget-container\">\n\t\t\t\t\t<h5 class=\"elementor-heading-title elementor-size-default\">Send CV og en kort ans\u00f8gning til <a href=\"mailto:job@caresupport.dk\">job@caresupport.dk<\/a><\/h5>\t\t\t\t<\/div>\n\t\t\t\t<\/div>\n\t\t\t\t<\/div>\n\t\t\t\t\t<\/div>\n\t\t\t\t<\/div>\n\t\t\t\t<\/div>","protected":false},"excerpt":{"rendered":"<p>Job &amp; Karriere i CareSupport Se ledige jobs her nederst p\u00e5 siden Hvordan er det at arbejde i CareSupport? Magnus Sode; IT-konsulent Man f\u00e5r et fantastisk indblik i IT-verdenen og hvad der egentlig skal til, for at vores digitale hverdag spiller, og man f\u00e5r lov til at v\u00e6re med til at forbedre virksomheder og infrastruktur. [&hellip;]<\/p>","protected":false},"author":8,"featured_media":0,"parent":0,"menu_order":0,"comment_status":"closed","ping_status":"closed","template":"","meta":{"inline_featured_image":false,"_uf_show_specific_survey":0,"_uf_disable_surveys":false,"footnotes":""},"class_list":["post-7640","page","type-page","status-publish","hentry"],"aioseo_notices":[],"_links":{"self":[{"href":"https:\/\/caresupport.dk\/en\/wp-json\/wp\/v2\/pages\/7640","targetHints":{"allow":["GET"]}}],"collection":[{"href":"https:\/\/caresupport.dk\/en\/wp-json\/wp\/v2\/pages"}],"about":[{"href":"https:\/\/caresupport.dk\/en\/wp-json\/wp\/v2\/types\/page"}],"author":[{"embeddable":true,"href":"https:\/\/caresupport.dk\/en\/wp-json\/wp\/v2\/users\/8"}],"replies":[{"embeddable":true,"href":"https:\/\/caresupport.dk\/en\/wp-json\/wp\/v2\/comments?post=7640"}],"version-history":[{"count":0,"href":"https:\/\/caresupport.dk\/en\/wp-json\/wp\/v2\/pages\/7640\/revisions"}],"wp:attachment":[{"href":"https:\/\/caresupport.dk\/en\/wp-json\/wp\/v2\/media?parent=7640"}],"curies":[{"name":"wp","href":"https:\/\/api.w.org\/{rel}","templated":true}]}}