{"id":830,"date":"2024-06-06T11:25:09","date_gmt":"2024-06-06T11:25:09","guid":{"rendered":"https:\/\/caresupport.dk\/?page_id=830"},"modified":"2026-02-03T08:35:40","modified_gmt":"2026-02-03T08:35:40","slug":"nyheder","status":"publish","type":"page","link":"https:\/\/caresupport.dk\/da_dk\/nyheder\/","title":{"rendered":"Nyheder"},"content":{"rendered":"\t\t<div data-elementor-type=\"wp-page\" data-elementor-id=\"830\" class=\"elementor elementor-830\" data-elementor-post-type=\"page\">\n\t\t\t\t<div class=\"elementor-element elementor-element-c8cd4f9 e-flex e-con-boxed e-con e-parent\" data-id=\"c8cd4f9\" data-element_type=\"container\" data-e-type=\"container\" data-settings=\"{&quot;background_background&quot;:&quot;classic&quot;}\">\n\t\t\t\t\t<div class=\"e-con-inner\">\n\t\t\t\t<div class=\"elementor-element elementor-element-399377b elementor-widget elementor-widget-heading\" data-id=\"399377b\" data-element_type=\"widget\" data-e-type=\"widget\" data-widget_type=\"heading.default\">\n\t\t\t\t<div class=\"elementor-widget-container\">\n\t\t\t\t\t<h1 class=\"elementor-heading-title elementor-size-default\">Nyheder<\/h1>\t\t\t\t<\/div>\n\t\t\t\t<\/div>\n\t\t\t\t\t<\/div>\n\t\t\t\t<\/div>\n\t\t<div class=\"elementor-element elementor-element-706f2ac e-flex e-con-boxed e-con e-parent\" data-id=\"706f2ac\" data-element_type=\"container\" data-e-type=\"container\" data-settings=\"{&quot;background_background&quot;:&quot;classic&quot;}\">\n\t\t\t\t\t<div class=\"e-con-inner\">\n\t\t\t\t<div class=\"elementor-element elementor-element-1569036 elementor-widget elementor-widget-heading\" data-id=\"1569036\" data-element_type=\"widget\" data-e-type=\"widget\" data-widget_type=\"heading.default\">\n\t\t\t\t<div class=\"elementor-widget-container\">\n\t\t\t\t\t<h2 class=\"elementor-heading-title elementor-size-default\">Nyheder fra CareSupport <\/h2>\t\t\t\t<\/div>\n\t\t\t\t<\/div>\n\t\t\t\t<div class=\"elementor-element elementor-element-ec07e60 elementor-widget elementor-widget-text-editor\" data-id=\"ec07e60\" data-element_type=\"widget\" data-e-type=\"widget\" data-widget_type=\"text-editor.default\">\n\t\t\t\t<div class=\"elementor-widget-container\">\n\t\t\t\t\t\t\t\t\t<p data-start=\"268\" data-end=\"398\">Velkommen til nyhedssiden for <span data-start=\"298\" data-end=\"313\">CareSupport<\/span>. Her finder du de seneste nyheder, opdateringer og historier fra vores virksomhed. Hos <span data-start=\"580\" data-end=\"603\">CareSupport Danmark<\/span> arbejder vi m\u00e5lrettet p\u00e5 at skabe bedre service og effektivitet for vores kunder.\u00a0<\/p><p data-start=\"268\" data-end=\"398\">Hold dig opdateret her p\u00e5 siden, og l\u00e6s de nyeste <span data-start=\"839\" data-end=\"862\">CareSupport nyheder<\/span> direkte fra vores team. T\u00f8v endelig ikke med at kontakte os, hvis du har noget vi kan hj\u00e6lpe dig med.\u00a0<\/p><p data-start=\"998\" data-end=\"1203\">Tak fordi du f\u00f8lger med i <span data-start=\"1231\" data-end=\"1246\">CareSupport<\/span>. Vi gl\u00e6der os til at dele endnu flere sp\u00e6ndende opdateringer med dig.<\/p>\t\t\t\t\t\t\t\t<\/div>\n\t\t\t\t<\/div>\n\t\t\t\t<div class=\"elementor-element elementor-element-5fa9424 elementor-align-center elementor-widget elementor-widget-button\" data-id=\"5fa9424\" data-element_type=\"widget\" data-e-type=\"widget\" data-widget_type=\"button.default\">\n\t\t\t\t<div class=\"elementor-widget-container\">\n\t\t\t\t\t\t\t\t\t<div class=\"elementor-button-wrapper\">\n\t\t\t\t\t<a class=\"elementor-button elementor-button-link elementor-size-sm\" href=\"https:\/\/caresupport.dk\/da_dk\/kontakt\/\" target=\"_blank\">\n\t\t\t\t\t\t<span class=\"elementor-button-content-wrapper\">\n\t\t\t\t\t\t\t\t\t<span class=\"elementor-button-text\">Kontakt os<\/span>\n\t\t\t\t\t<\/span>\n\t\t\t\t\t<\/a>\n\t\t\t\t<\/div>\n\t\t\t\t\t\t\t\t<\/div>\n\t\t\t\t<\/div>\n\t\t\t\t\t<\/div>\n\t\t\t\t<\/div>\n\t\t<div class=\"elementor-element elementor-element-38369b7 e-flex e-con-boxed e-con e-parent\" data-id=\"38369b7\" data-element_type=\"container\" data-e-type=\"container\" data-settings=\"{&quot;background_background&quot;:&quot;classic&quot;}\">\n\t\t\t\t\t<div class=\"e-con-inner\">\n\t\t\t\t<div class=\"elementor-element elementor-element-cd9876b elementor-grid-3 elementor-grid-tablet-2 elementor-grid-mobile-1 elementor-posts--thumbnail-top elementor-widget elementor-widget-posts\" data-id=\"cd9876b\" data-element_type=\"widget\" data-e-type=\"widget\" data-settings=\"{&quot;classic_columns&quot;:&quot;3&quot;,&quot;classic_columns_tablet&quot;:&quot;2&quot;,&quot;classic_columns_mobile&quot;:&quot;1&quot;,&quot;classic_row_gap&quot;:{&quot;unit&quot;:&quot;px&quot;,&quot;size&quot;:35,&quot;sizes&quot;:[]},&quot;classic_row_gap_tablet&quot;:{&quot;unit&quot;:&quot;px&quot;,&quot;size&quot;:&quot;&quot;,&quot;sizes&quot;:[]},&quot;classic_row_gap_mobile&quot;:{&quot;unit&quot;:&quot;px&quot;,&quot;size&quot;:&quot;&quot;,&quot;sizes&quot;:[]}}\" data-widget_type=\"posts.classic\">\n\t\t\t\t<div class=\"elementor-widget-container\">\n\t\t\t\t\t\t\t<div class=\"elementor-posts-container elementor-posts elementor-posts--skin-classic elementor-grid\">\n\t\t\t\t<article class=\"elementor-post elementor-grid-item post-6675 post type-post status-publish format-standard has-post-thumbnail hentry category-samarbejder\">\n\t\t\t\t<a class=\"elementor-post__thumbnail__link\" href=\"https:\/\/caresupport.dk\/da_dk\/vi-fejrer-jakob-har-vaeret-3-aar-hos-caresupport\/\" tabindex=\"-1\" target=&quot;_blank&quot;>\n\t\t\t<div class=\"elementor-post__thumbnail\"><img decoding=\"async\" width=\"300\" height=\"145\" src=\"https:\/\/caresupport.dk\/wp-content\/uploads\/2025\/03\/Vi-er-en-farverig-blanding-af-mennesker-men-lad-os-vaere-aerlige-\u2013-vi-har-en-svaghed-for-bornholmere.-De-er-jo-nogle-af-de-mest-serviceminded-hjaelpsomme-og-ansvarsbevidste-mennesker-man-kan-find-e1743085362407-300x145.webp\" class=\"attachment-medium size-medium wp-image-4087\" alt=\"IT konsulenter\" srcset=\"https:\/\/caresupport.dk\/wp-content\/uploads\/2025\/03\/Vi-er-en-farverig-blanding-af-mennesker-men-lad-os-vaere-aerlige-\u2013-vi-har-en-svaghed-for-bornholmere.-De-er-jo-nogle-af-de-mest-serviceminded-hjaelpsomme-og-ansvarsbevidste-mennesker-man-kan-find-e1743085362407-300x145.webp 300w, https:\/\/caresupport.dk\/wp-content\/uploads\/2025\/03\/Vi-er-en-farverig-blanding-af-mennesker-men-lad-os-vaere-aerlige-\u2013-vi-har-en-svaghed-for-bornholmere.-De-er-jo-nogle-af-de-mest-serviceminded-hjaelpsomme-og-ansvarsbevidste-mennesker-man-kan-find-e1743085362407-150x73.webp 150w, https:\/\/caresupport.dk\/wp-content\/uploads\/2025\/03\/Vi-er-en-farverig-blanding-af-mennesker-men-lad-os-vaere-aerlige-\u2013-vi-har-en-svaghed-for-bornholmere.-De-er-jo-nogle-af-de-mest-serviceminded-hjaelpsomme-og-ansvarsbevidste-mennesker-man-kan-find-e1743085362407-768x372.webp 768w, https:\/\/caresupport.dk\/wp-content\/uploads\/2025\/03\/Vi-er-en-farverig-blanding-af-mennesker-men-lad-os-vaere-aerlige-\u2013-vi-har-en-svaghed-for-bornholmere.-De-er-jo-nogle-af-de-mest-serviceminded-hjaelpsomme-og-ansvarsbevidste-mennesker-man-kan-find-e1743085362407.webp 794w\" sizes=\"(max-width: 300px) 100vw, 300px\" \/><\/div>\n\t\t<\/a>\n\t\t\t\t<div class=\"elementor-post__text\">\n\t\t\t\t<h2 class=\"elementor-post__title\">\n\t\t\t<a href=\"https:\/\/caresupport.dk\/da_dk\/vi-fejrer-jakob-har-vaeret-3-aar-hos-caresupport\/\" target=&quot;_blank&quot;>\n\t\t\t\tVi fejrer: Jakob har v\u00e6ret tre \u00e5r hos CareSupport\t\t\t<\/a>\n\t\t<\/h2>\n\t\t\t\t<div class=\"elementor-post__meta-data\">\n\t\t\t\t\t<span class=\"elementor-post-date\">\n\t\t\t04.11.2025\t\t<\/span>\n\t\t\t\t<\/div>\n\t\t\t\t<div class=\"elementor-post__excerpt\">\n\t\t\t<p>Vi fejrer: at Jakob har v\u00e6ret tre \u00e5r hos CareSupport Det er med stor gl\u00e6de, at vi fejrer Jakobs tre\u00e5rsjubil\u00e6um hos CareSupport. For tre \u00e5r siden tr\u00e5dte en ung bornholmer<\/p>\n\t\t<\/div>\n\t\t\n\t\t<a class=\"elementor-post__read-more\" href=\"https:\/\/caresupport.dk\/da_dk\/vi-fejrer-jakob-har-vaeret-3-aar-hos-caresupport\/\" aria-label=\"Read more about Vi fejrer: Jakob har v\u00e6ret tre \u00e5r hos CareSupport\" tabindex=\"-1\" target=\"_blank\">\n\t\t\tL\u00e6s mere \u00bb\t\t<\/a>\n\n\t\t\t\t<\/div>\n\t\t\t\t<\/article>\n\t\t\t\t<article class=\"elementor-post elementor-grid-item post-5625 post type-post status-publish format-standard has-post-thumbnail hentry category-nyheder\">\n\t\t\t\t<a class=\"elementor-post__thumbnail__link\" href=\"https:\/\/caresupport.dk\/da_dk\/en-ny-alliance-er-foedt-og-du-faar-fordelene\/\" tabindex=\"-1\" target=&quot;_blank&quot;>\n\t\t\t<div class=\"elementor-post__thumbnail\"><img fetchpriority=\"high\" decoding=\"async\" width=\"300\" height=\"169\" src=\"https:\/\/caresupport.dk\/wp-content\/uploads\/2025\/08\/CS-300x169.webp\" class=\"attachment-medium size-medium wp-image-5770\" alt=\"\" srcset=\"https:\/\/caresupport.dk\/wp-content\/uploads\/2025\/08\/CS-300x169.webp 300w, https:\/\/caresupport.dk\/wp-content\/uploads\/2025\/08\/CS-1024x576.webp 1024w, https:\/\/caresupport.dk\/wp-content\/uploads\/2025\/08\/CS-150x84.webp 150w, https:\/\/caresupport.dk\/wp-content\/uploads\/2025\/08\/CS-768x432.webp 768w, https:\/\/caresupport.dk\/wp-content\/uploads\/2025\/08\/CS-1536x864.webp 1536w, https:\/\/caresupport.dk\/wp-content\/uploads\/2025\/08\/CS-18x10.webp 18w, https:\/\/caresupport.dk\/wp-content\/uploads\/2025\/08\/CS.webp 1920w\" sizes=\"(max-width: 300px) 100vw, 300px\" \/><\/div>\n\t\t<\/a>\n\t\t\t\t<div class=\"elementor-post__text\">\n\t\t\t\t<h2 class=\"elementor-post__title\">\n\t\t\t<a href=\"https:\/\/caresupport.dk\/da_dk\/en-ny-alliance-er-foedt-og-du-faar-fordelene\/\" target=&quot;_blank&quot;>\n\t\t\t\tEn ny alliance er f\u00f8dt og du f\u00e5r fordelene!\t\t\t<\/a>\n\t\t<\/h2>\n\t\t\t\t<div class=\"elementor-post__meta-data\">\n\t\t\t\t\t<span class=\"elementor-post-date\">\n\t\t\t19.08.2025\t\t<\/span>\n\t\t\t\t<\/div>\n\t\t\t\t<div class=\"elementor-post__excerpt\">\n\t\t\t<p>En ny alliance er f\u00f8dt og du f\u00e5r fordelene! CareSupport x GladTeknik CareSupport indg\u00e5r st\u00e6rkt samarbejde med GladTeknik Vi er stolte over at kunne offentligg\u00f8re, at CareSupport har vundet budrunden<\/p>\n\t\t<\/div>\n\t\t\n\t\t<a class=\"elementor-post__read-more\" href=\"https:\/\/caresupport.dk\/da_dk\/en-ny-alliance-er-foedt-og-du-faar-fordelene\/\" aria-label=\"Read more about En ny alliance er f\u00f8dt og du f\u00e5r fordelene!\" tabindex=\"-1\" target=\"_blank\">\n\t\t\tL\u00e6s mere \u00bb\t\t<\/a>\n\n\t\t\t\t<\/div>\n\t\t\t\t<\/article>\n\t\t\t\t<article class=\"elementor-post elementor-grid-item post-4942 post type-post status-publish format-standard has-post-thumbnail hentry category-nyheder\">\n\t\t\t\t<a class=\"elementor-post__thumbnail__link\" href=\"https:\/\/caresupport.dk\/da_dk\/baeredygtighed-ansvar-greenmind-x-caresupport\/\" tabindex=\"-1\" target=&quot;_blank&quot;>\n\t\t\t<div class=\"elementor-post__thumbnail\"><img decoding=\"async\" width=\"300\" height=\"208\" src=\"https:\/\/caresupport.dk\/wp-content\/uploads\/2024\/06\/CareSupport-aflang-2-300x208.webp\" class=\"attachment-medium size-medium wp-image-4927\" alt=\"\" srcset=\"https:\/\/caresupport.dk\/wp-content\/uploads\/2024\/06\/CareSupport-aflang-2-300x208.webp 300w, https:\/\/caresupport.dk\/wp-content\/uploads\/2024\/06\/CareSupport-aflang-2-1024x709.webp 1024w, https:\/\/caresupport.dk\/wp-content\/uploads\/2024\/06\/CareSupport-aflang-2-150x104.webp 150w, https:\/\/caresupport.dk\/wp-content\/uploads\/2024\/06\/CareSupport-aflang-2-768x532.webp 768w, https:\/\/caresupport.dk\/wp-content\/uploads\/2024\/06\/CareSupport-aflang-2.webp 1300w\" sizes=\"(max-width: 300px) 100vw, 300px\" \/><\/div>\n\t\t<\/a>\n\t\t\t\t<div class=\"elementor-post__text\">\n\t\t\t\t<h2 class=\"elementor-post__title\">\n\t\t\t<a href=\"https:\/\/caresupport.dk\/da_dk\/baeredygtighed-ansvar-greenmind-x-caresupport\/\" target=&quot;_blank&quot;>\n\t\t\t\tB\u00e6redygtighed &#038; Ansvar GreenMind x CareSupport\t\t\t<\/a>\n\t\t<\/h2>\n\t\t\t\t<div class=\"elementor-post__meta-data\">\n\t\t\t\t\t<span class=\"elementor-post-date\">\n\t\t\t10.07.2025\t\t<\/span>\n\t\t\t\t<\/div>\n\t\t\t\t<div class=\"elementor-post__excerpt\">\n\t\t\t<p>B\u00e6redygtighed &amp; Ansvar GreenMind &amp; CareSupport Mindre spild, mere v\u00e6rdi CareSupport og GreenMind g\u00e5r sammen om at skabe mindre spild og mere v\u00e6rdi.&nbsp;Brugte enheder f\u00e5r nyt liv via opgradering og<\/p>\n\t\t<\/div>\n\t\t\n\t\t<a class=\"elementor-post__read-more\" href=\"https:\/\/caresupport.dk\/da_dk\/baeredygtighed-ansvar-greenmind-x-caresupport\/\" aria-label=\"Read more about B\u00e6redygtighed &#038; Ansvar GreenMind x CareSupport\" tabindex=\"-1\" target=\"_blank\">\n\t\t\tL\u00e6s mere \u00bb\t\t<\/a>\n\n\t\t\t\t<\/div>\n\t\t\t\t<\/article>\n\t\t\t\t<\/div>\n\t\t\n\t\t\t\t\t\t<\/div>\n\t\t\t\t<\/div>\n\t\t\t\t\t<\/div>\n\t\t\t\t<\/div>\n\t\t<div class=\"elementor-element elementor-element-23685b4 e-flex e-con-boxed e-con e-parent\" data-id=\"23685b4\" data-element_type=\"container\" data-e-type=\"container\" data-settings=\"{&quot;background_background&quot;:&quot;classic&quot;}\">\n\t\t\t\t\t<div class=\"e-con-inner\">\n\t\t\t\t<div class=\"elementor-element elementor-element-b382324 elementor-widget elementor-widget-text-editor\" data-id=\"b382324\" data-element_type=\"widget\" data-e-type=\"widget\" data-widget_type=\"text-editor.default\">\n\t\t\t\t<div class=\"elementor-widget-container\">\n\t\t\t\t\t\t\t\t\t<p>F\u00f8lg vores LinkedIn for at f\u00e5 vores nyeste opdateringer.\u00a0<\/p>\t\t\t\t\t\t\t\t<\/div>\n\t\t\t\t<\/div>\n\t\t\t\t<div class=\"elementor-element elementor-element-7084669 elementor-align-center elementor-widget elementor-widget-button\" data-id=\"7084669\" data-element_type=\"widget\" data-e-type=\"widget\" data-widget_type=\"button.default\">\n\t\t\t\t<div class=\"elementor-widget-container\">\n\t\t\t\t\t\t\t\t\t<div class=\"elementor-button-wrapper\">\n\t\t\t\t\t<a class=\"elementor-button elementor-button-link elementor-size-sm\" href=\"https:\/\/www.linkedin.com\/company\/caresupport-aps\/posts\/?feedView=all\">\n\t\t\t\t\t\t<span class=\"elementor-button-content-wrapper\">\n\t\t\t\t\t\t\t\t\t<span class=\"elementor-button-text\">Klik her<\/span>\n\t\t\t\t\t<\/span>\n\t\t\t\t\t<\/a>\n\t\t\t\t<\/div>\n\t\t\t\t\t\t\t\t<\/div>\n\t\t\t\t<\/div>\n\t\t\t\t\t<\/div>\n\t\t\t\t<\/div>\n\t\t\t\t<\/div>\n\t\t","protected":false},"excerpt":{"rendered":"<p>Nyheder Nyheder fra CareSupport Velkommen til nyhedssiden for CareSupport. Her finder du de seneste nyheder, opdateringer og historier fra vores virksomhed. Hos CareSupport Danmark arbejder vi m\u00e5lrettet p\u00e5 at skabe bedre service og effektivitet for vores kunder.\u00a0 Hold dig opdateret her p\u00e5 siden, og l\u00e6s de nyeste CareSupport nyheder direkte fra vores team. T\u00f8v endelig [&hellip;]<\/p>\n","protected":false},"author":1,"featured_media":0,"parent":0,"menu_order":0,"comment_status":"closed","ping_status":"closed","template":"","meta":{"inline_featured_image":false,"_uf_show_specific_survey":0,"_uf_disable_surveys":false,"footnotes":""},"class_list":["post-830","page","type-page","status-publish","hentry"],"aioseo_notices":[],"_links":{"self":[{"href":"https:\/\/caresupport.dk\/da_dk\/wp-json\/wp\/v2\/pages\/830","targetHints":{"allow":["GET"]}}],"collection":[{"href":"https:\/\/caresupport.dk\/da_dk\/wp-json\/wp\/v2\/pages"}],"about":[{"href":"https:\/\/caresupport.dk\/da_dk\/wp-json\/wp\/v2\/types\/page"}],"author":[{"embeddable":true,"href":"https:\/\/caresupport.dk\/da_dk\/wp-json\/wp\/v2\/users\/1"}],"replies":[{"embeddable":true,"href":"https:\/\/caresupport.dk\/da_dk\/wp-json\/wp\/v2\/comments?post=830"}],"version-history":[{"count":82,"href":"https:\/\/caresupport.dk\/da_dk\/wp-json\/wp\/v2\/pages\/830\/revisions"}],"predecessor-version":[{"id":8067,"href":"https:\/\/caresupport.dk\/da_dk\/wp-json\/wp\/v2\/pages\/830\/revisions\/8067"}],"wp:attachment":[{"href":"https:\/\/caresupport.dk\/da_dk\/wp-json\/wp\/v2\/media?parent=830"}],"curies":[{"name":"wp","href":"https:\/\/api.w.org\/{rel}","templated":true}]}}