{"id":580,"date":"2024-06-03T08:53:35","date_gmt":"2024-06-03T08:53:35","guid":{"rendered":"https:\/\/caresupport.dk\/?page_id=580"},"modified":"2026-02-09T12:48:32","modified_gmt":"2026-02-09T12:48:32","slug":"fa-support-nu","status":"publish","type":"page","link":"https:\/\/caresupport.dk\/da_dk\/fa-support-nu\/","title":{"rendered":"F\u00e5 support nu"},"content":{"rendered":"\t\t<div data-elementor-type=\"wp-page\" data-elementor-id=\"580\" class=\"elementor elementor-580\" data-elementor-post-type=\"page\">\n\t\t\t\t<div class=\"elementor-element elementor-element-998601d elementor-hidden-tablet elementor-hidden-mobile e-flex e-con-boxed e-con e-parent\" data-id=\"998601d\" data-element_type=\"container\" data-e-type=\"container\" data-settings=\"{&quot;background_background&quot;:&quot;classic&quot;}\">\n\t\t\t\t\t<div class=\"e-con-inner\">\n\t\t<div class=\"elementor-element elementor-element-90a8819 e-con-full e-flex e-con e-child\" data-id=\"90a8819\" data-element_type=\"container\" data-e-type=\"container\">\n\t\t\t\t<div class=\"elementor-element elementor-element-b25802d elementor-widget elementor-widget-heading\" data-id=\"b25802d\" data-element_type=\"widget\" data-e-type=\"widget\" data-widget_type=\"heading.default\">\n\t\t\t\t<div class=\"elementor-widget-container\">\n\t\t\t\t\t<h1 class=\"elementor-heading-title elementor-size-default\">Brug for support?<\/h1>\t\t\t\t<\/div>\n\t\t\t\t<\/div>\n\t\t\t\t<div class=\"elementor-element elementor-element-2cf847b elementor-widget elementor-widget-text-editor\" data-id=\"2cf847b\" data-element_type=\"widget\" data-e-type=\"widget\" data-widget_type=\"text-editor.default\">\n\t\t\t\t<div class=\"elementor-widget-container\">\n\t\t\t\t\t\t\t\t\tRing til os p\u00e5 <a href=\"tel:+4531678241\">31 67 82 41<\/a> eller skriv direkte til <a href=\"mailto:support@caresupport.dk\">support@caresupport.dk<\/a>\n\n\n<br>\nDu kan ogs\u00e5 udfylde kontaktformularen, s\u00e5 kontakter vi dig inden for 24 timer!\t\t\t\t\t\t\t\t<\/div>\n\t\t\t\t<\/div>\n\t\t\t\t<\/div>\n\t\t<div class=\"elementor-element elementor-element-eb9b3f1 e-con-full e-flex e-con e-child\" data-id=\"eb9b3f1\" data-element_type=\"container\" data-e-type=\"container\" data-settings=\"{&quot;background_background&quot;:&quot;classic&quot;}\">\n\t\t\t\t<div class=\"elementor-element elementor-element-e7e0956 elementor-widget__width-initial elementor-widget elementor-widget-wpforms\" data-id=\"e7e0956\" data-element_type=\"widget\" data-e-type=\"widget\" data-widget_type=\"wpforms.default\">\n\t\t\t\t<div class=\"elementor-widget-container\">\n\t\t\t\t\t<style id=\"wpforms-css-vars-elementor-widget-e7e0956\">\n\t\t\t\t.elementor-widget-wpforms.elementor-element-e7e0956 {\n\t\t\t\t--wpforms-field-background-color: #D7F2ED;\n--wpforms-field-text-color: #011D1E;\n--wpforms-button-border-radius: 26px;\n--wpforms-button-background-color: #F40B37;\n--wpforms-page-break-color: #011D1E;\n--wpforms-button-text-color: #D7F2ED;\n--wpforms-field-size-input-height: 31px;\n--wpforms-field-size-input-spacing: 10px;\n--wpforms-field-size-font-size: 14px;\n--wpforms-field-size-line-height: 17px;\n--wpforms-field-size-padding-h: 9px;\n--wpforms-field-size-checkbox-size: 14px;\n--wpforms-field-size-sublabel-spacing: 5px;\n--wpforms-field-size-icon-size: 0.75;\n\t\t\t}\n\t\t\t<\/style><div class=\"wpforms-container wpforms-container-full wpforms-render-modern\" id=\"wpforms-5319\"><form id=\"wpforms-form-5319\" class=\"wpforms-validate wpforms-form wpforms-ajax-form\" data-formid=\"5319\" method=\"post\" enctype=\"multipart\/form-data\" action=\"\/da_dk\/wp-json\/wp\/v2\/pages\/580\" data-token=\"0cfcd78e40c1b1ee685fb65080d7722e\" data-token-time=\"1775818505\"><noscript class=\"wpforms-error-noscript\">Please enable JavaScript in your browser to complete this form.<\/noscript><div id=\"wpforms-error-noscript\" style=\"display: none;\">Please enable JavaScript in your browser to complete this form.<\/div><div class=\"wpforms-field-container\">\t\t<div id=\"wpforms-5319-field_5-container\"\n\t\t\tclass=\"wpforms-field wpforms-field-text\"\n\t\t\tdata-field-type=\"text\"\n\t\t\tdata-field-id=\"5\"\n\t\t\t>\n\t\t\t<label class=\"wpforms-field-label\" for=\"wpforms-5319-field_5\" >dit problem Beskriv<\/label>\n\t\t\t<input type=\"text\" id=\"wpforms-5319-field_5\" class=\"wpforms-field-medium\" name=\"wpforms[fields][5]\" >\n\t\t<\/div>\n\t\t<div id=\"wpforms-5319-field_1-container\" class=\"wpforms-field wpforms-field-name\" data-field-id=\"1\"><fieldset><legend class=\"wpforms-field-label\">Navn <span class=\"wpforms-required-label\" aria-hidden=\"true\">*<\/span><\/legend><div class=\"wpforms-field-row wpforms-field-medium\"><div class=\"wpforms-field-row-block wpforms-first wpforms-one-half\"><input type=\"text\" id=\"wpforms-5319-field_1\" class=\"wpforms-field-name-first wpforms-field-required\" name=\"wpforms[fields][1][first]\" aria-errormessage=\"wpforms-5319-field_1-error\" required><label for=\"wpforms-5319-field_1\" class=\"wpforms-field-sublabel after\">First<\/label><\/div><div class=\"wpforms-field-row-block wpforms-one-half\"><input type=\"text\" id=\"wpforms-5319-field_1-last\" class=\"wpforms-field-name-last wpforms-field-required\" name=\"wpforms[fields][1][last]\" aria-errormessage=\"wpforms-5319-field_1-last-error\" required><label for=\"wpforms-5319-field_1-last\" class=\"wpforms-field-sublabel after\">Last<\/label><\/div><\/div><\/fieldset><\/div><div id=\"wpforms-5319-field_4-container\" class=\"wpforms-field wpforms-field-number\" data-field-id=\"4\"><label class=\"wpforms-field-label\" for=\"wpforms-5319-field_4\">Telefon <span class=\"wpforms-required-label\" aria-hidden=\"true\">*<\/span><\/label><input type=\"number\" id=\"wpforms-5319-field_4\" class=\"wpforms-field-medium wpforms-field-required\" name=\"wpforms[fields][4]\" step=\"any\" aria-errormessage=\"wpforms-5319-field_4-error\" required><\/div><div id=\"wpforms-5319-field_2-container\" class=\"wpforms-field wpforms-field-email\" data-field-id=\"2\"><label class=\"wpforms-field-label\" for=\"wpforms-5319-field_2\">E-mail <span class=\"wpforms-required-label\" aria-hidden=\"true\">*<\/span><\/label><input type=\"email\" id=\"wpforms-5319-field_2\" class=\"wpforms-field-medium wpforms-field-required\" name=\"wpforms[fields][2]\" spellcheck=\"false\" aria-errormessage=\"wpforms-5319-field_2-error\" required><\/div><div id=\"wpforms-5319-field_3-container\" class=\"wpforms-field wpforms-field-textarea\" data-field-id=\"3\"><label class=\"wpforms-field-label\" for=\"wpforms-5319-field_3\">Beskriv dit problem<\/label><textarea id=\"wpforms-5319-field_3\" class=\"wpforms-field-medium\" name=\"wpforms[fields][3]\" aria-errormessage=\"wpforms-5319-field_3-error\" ><\/textarea><\/div><script>\n\t\t\t\t( function() {\n\t\t\t\t\tconst style = document.createElement( 'style' );\n\t\t\t\t\tstyle.appendChild( document.createTextNode( '#wpforms-5319-field_5-container { position: absolute !important; overflow: hidden !important; display: inline !important; height: 1px !important; width: 1px !important; z-index: -1000 !important; padding: 0 !important; } #wpforms-5319-field_5-container input { visibility: hidden; } #wpforms-conversational-form-page #wpforms-5319-field_5-container label { counter-increment: none; }' ) );\n\t\t\t\t\tdocument.head.appendChild( style );\n\t\t\t\t\tdocument.currentScript?.remove();\n\t\t\t\t} )();\n\t\t\t<\/script><\/div><!-- .wpforms-field-container --><div class=\"wpforms-recaptcha-container wpforms-is-recaptcha wpforms-is-recaptcha-type-v2\" ><div class=\"g-recaptcha\" data-sitekey=\"6Lfu8OAqAAAAAOAms3tc3XGv1Q5V3XbgzeTb0eoT\"><\/div><input type=\"text\" name=\"g-recaptcha-hidden\" class=\"wpforms-recaptcha-hidden\" style=\"position:absolute!important;clip:rect(0,0,0,0)!important;height:1px!important;width:1px!important;border:0!important;overflow:hidden!important;padding:0!important;margin:0!important;\" data-rule-recaptcha=\"1\"><\/div><div class=\"wpforms-submit-container\" ><input type=\"hidden\" name=\"wpforms[id]\" value=\"5319\"><input type=\"hidden\" name=\"page_title\" value=\"\"><input type=\"hidden\" name=\"page_url\" value=\"https:\/\/caresupport.dk\/da_dk\/wp-json\/wp\/v2\/pages\/580\"><input type=\"hidden\" name=\"url_referer\" value=\"\"><button type=\"submit\" name=\"wpforms[submit]\" id=\"wpforms-submit-5319\" class=\"wpforms-submit\" data-alt-text=\"Sender...\" data-submit-text=\"Indsend\" aria-live=\"assertive\" value=\"wpforms-submit\">Indsend<\/button><img decoding=\"async\" src=\"https:\/\/caresupport.dk\/wp-content\/plugins\/wpforms-lite\/assets\/images\/submit-spin.svg\" class=\"wpforms-submit-spinner\" style=\"display: none;\" width=\"26\" height=\"26\" alt=\"Loading\"><\/div><\/form><\/div>  <!-- .wpforms-container -->\t\t\t\t<\/div>\n\t\t\t\t<\/div>\n\t\t\t\t<\/div>\n\t\t\t\t\t<\/div>\n\t\t\t\t<\/div>\n\t\t<div class=\"elementor-element elementor-element-0553817 e-flex e-con-boxed e-con e-parent\" data-id=\"0553817\" data-element_type=\"container\" data-e-type=\"container\" data-settings=\"{&quot;background_background&quot;:&quot;classic&quot;}\">\n\t\t\t\t\t<div class=\"e-con-inner\">\n\t\t<div class=\"elementor-element elementor-element-f1182b3 e-con-full e-flex e-con e-child\" data-id=\"f1182b3\" data-element_type=\"container\" data-e-type=\"container\" data-settings=\"{&quot;background_background&quot;:&quot;classic&quot;}\">\n\t\t<div class=\"elementor-element elementor-element-c5e5b2b e-con-full e-flex e-con e-child\" data-id=\"c5e5b2b\" data-element_type=\"container\" data-e-type=\"container\">\n\t\t\t\t<div class=\"elementor-element elementor-element-eb49cdf elementor-widget__width-initial elementor-widget elementor-widget-image\" data-id=\"eb49cdf\" data-element_type=\"widget\" data-e-type=\"widget\" data-widget_type=\"image.default\">\n\t\t\t\t<div class=\"elementor-widget-container\">\n\t\t\t\t\t\t\t\t\t\t\t\t\t\t\t<img fetchpriority=\"high\" decoding=\"async\" width=\"194\" height=\"300\" src=\"https:\/\/caresupport.dk\/wp-content\/uploads\/2025\/03\/Clip-path-group-194x300.png\" class=\"attachment-medium size-medium wp-image-2759\" alt=\"tech\" srcset=\"https:\/\/caresupport.dk\/wp-content\/uploads\/2025\/03\/Clip-path-group-194x300.png 194w, https:\/\/caresupport.dk\/wp-content\/uploads\/2025\/03\/Clip-path-group.png 582w\" sizes=\"(max-width: 194px) 100vw, 194px\" \/>\t\t\t\t\t\t\t\t\t\t\t\t\t\t\t<\/div>\n\t\t\t\t<\/div>\n\t\t\t\t<div class=\"elementor-element elementor-element-c5670fe elementor-widget elementor-widget-heading\" data-id=\"c5670fe\" data-element_type=\"widget\" data-e-type=\"widget\" data-widget_type=\"heading.default\">\n\t\t\t\t<div class=\"elementor-widget-container\">\n\t\t\t\t\t<div class=\"elementor-heading-title elementor-size-default\">Ring til os <\/div>\t\t\t\t<\/div>\n\t\t\t\t<\/div>\n\t\t\t\t<div class=\"elementor-element elementor-element-c6f6e18 elementor-widget elementor-widget-text-editor\" data-id=\"c6f6e18\" data-element_type=\"widget\" data-e-type=\"widget\" data-widget_type=\"text-editor.default\">\n\t\t\t\t<div class=\"elementor-widget-container\">\n\t\t\t\t\t\t\t\t\t<p>+45 <a href=\"tel:+4531678241\">31 67 82 41<\/a><\/p>\t\t\t\t\t\t\t\t<\/div>\n\t\t\t\t<\/div>\n\t\t\t\t<\/div>\n\t\t<div class=\"elementor-element elementor-element-4365068 e-con-full e-flex e-con e-child\" data-id=\"4365068\" data-element_type=\"container\" data-e-type=\"container\">\n\t\t\t\t<div class=\"elementor-element elementor-element-6c6da96 elementor-widget__width-initial elementor-widget elementor-widget-image\" data-id=\"6c6da96\" data-element_type=\"widget\" data-e-type=\"widget\" data-widget_type=\"image.default\">\n\t\t\t\t<div class=\"elementor-widget-container\">\n\t\t\t\t\t\t\t\t\t\t\t\t\t\t\t<img decoding=\"async\" width=\"800\" height=\"777\" src=\"https:\/\/caresupport.dk\/wp-content\/uploads\/2025\/03\/icons-design-2.svg\" class=\"attachment-large size-large wp-image-2973\" alt=\"ikon\" \/>\t\t\t\t\t\t\t\t\t\t\t\t\t\t\t<\/div>\n\t\t\t\t<\/div>\n\t\t\t\t<div class=\"elementor-element elementor-element-5a1405b elementor-widget elementor-widget-heading\" data-id=\"5a1405b\" data-element_type=\"widget\" data-e-type=\"widget\" data-widget_type=\"heading.default\">\n\t\t\t\t<div class=\"elementor-widget-container\">\n\t\t\t\t\t<div class=\"elementor-heading-title elementor-size-default\">Skriv til os<\/div>\t\t\t\t<\/div>\n\t\t\t\t<\/div>\n\t\t\t\t<div class=\"elementor-element elementor-element-2845626 elementor-widget elementor-widget-text-editor\" data-id=\"2845626\" data-element_type=\"widget\" data-e-type=\"widget\" data-widget_type=\"text-editor.default\">\n\t\t\t\t<div class=\"elementor-widget-container\">\n\t\t\t\t\t\t\t\t\t<p>Send en mail via <a href=\"mailto:info@caresupport.dk\">support@caresupport.dk <br \/><\/a>eller benyt kontaktformularen ovenfor<\/p>\t\t\t\t\t\t\t\t<\/div>\n\t\t\t\t<\/div>\n\t\t\t\t<\/div>\n\t\t<div class=\"elementor-element elementor-element-1c6800d e-con-full e-flex e-con e-child\" data-id=\"1c6800d\" data-element_type=\"container\" data-e-type=\"container\">\n\t\t\t\t<div class=\"elementor-element elementor-element-a1c3177 elementor-widget__width-initial elementor-widget elementor-widget-image\" data-id=\"a1c3177\" data-element_type=\"widget\" data-e-type=\"widget\" data-widget_type=\"image.default\">\n\t\t\t\t<div class=\"elementor-widget-container\">\n\t\t\t\t\t\t\t\t\t\t\t\t\t\t\t<img loading=\"lazy\" decoding=\"async\" width=\"597\" height=\"1024\" src=\"https:\/\/caresupport.dk\/wp-content\/uploads\/2026\/01\/Frame-59-597x1024.webp\" class=\"attachment-large size-large wp-image-7523\" alt=\"\" srcset=\"https:\/\/caresupport.dk\/wp-content\/uploads\/2026\/01\/Frame-59-597x1024.webp 597w, https:\/\/caresupport.dk\/wp-content\/uploads\/2026\/01\/Frame-59-175x300.webp 175w, https:\/\/caresupport.dk\/wp-content\/uploads\/2026\/01\/Frame-59-87x150.webp 87w, https:\/\/caresupport.dk\/wp-content\/uploads\/2026\/01\/Frame-59-768x1317.webp 768w, https:\/\/caresupport.dk\/wp-content\/uploads\/2026\/01\/Frame-59-896x1536.webp 896w, https:\/\/caresupport.dk\/wp-content\/uploads\/2026\/01\/Frame-59-1194x2048.webp 1194w, https:\/\/caresupport.dk\/wp-content\/uploads\/2026\/01\/Frame-59-7x12.webp 7w, https:\/\/caresupport.dk\/wp-content\/uploads\/2026\/01\/Frame-59-scaled.webp 1493w\" sizes=\"(max-width: 597px) 100vw, 597px\" \/>\t\t\t\t\t\t\t\t\t\t\t\t\t\t\t<\/div>\n\t\t\t\t<\/div>\n\t\t\t\t<div class=\"elementor-element elementor-element-7121a08 elementor-widget elementor-widget-heading\" data-id=\"7121a08\" data-element_type=\"widget\" data-e-type=\"widget\" data-widget_type=\"heading.default\">\n\t\t\t\t<div class=\"elementor-widget-container\">\n\t\t\t\t\t<h2 class=\"elementor-heading-title elementor-size-default\">Find os her<\/h2>\t\t\t\t<\/div>\n\t\t\t\t<\/div>\n\t\t\t\t<div class=\"elementor-element elementor-element-cc991f4 elementor-widget elementor-widget-text-editor\" data-id=\"cc991f4\" data-element_type=\"widget\" data-e-type=\"widget\" data-widget_type=\"text-editor.default\">\n\t\t\t\t<div class=\"elementor-widget-container\">\n\t\t\t\t\t\t\t\t\t<p>Overgaden Oven Vandet 48B,<br \/>1415, K\u00f8benhavn K<\/p>\t\t\t\t\t\t\t\t<\/div>\n\t\t\t\t<\/div>\n\t\t\t\t<\/div>\n\t\t\t\t<\/div>\n\t\t\t\t\t<\/div>\n\t\t\t\t<\/div>\n\t\t<div class=\"elementor-element elementor-element-bab2a83 e-flex e-con-boxed e-con e-parent\" data-id=\"bab2a83\" data-element_type=\"container\" data-e-type=\"container\">\n\t\t\t\t\t<div class=\"e-con-inner\">\n\t\t<div class=\"elementor-element elementor-element-e93b5bb e-con-full e-flex e-con e-child\" data-id=\"e93b5bb\" data-element_type=\"container\" data-e-type=\"container\" data-settings=\"{&quot;background_background&quot;:&quot;classic&quot;}\">\n\t\t\t\t<div class=\"elementor-element elementor-element-43612e4 elementor-widget elementor-widget-google_maps\" data-id=\"43612e4\" data-element_type=\"widget\" data-e-type=\"widget\" data-widget_type=\"google_maps.default\">\n\t\t\t\t<div class=\"elementor-widget-container\">\n\t\t\t\t\t\t\t<div class=\"elementor-custom-embed\">\n\t\t\t<iframe loading=\"lazy\"\n\t\t\t\t\tsrc=\"https:\/\/maps.google.com\/maps?q=Overgaden%20Oven%20Vandet%2048B&#038;t=m&#038;z=14&#038;output=embed&#038;iwloc=near\"\n\t\t\t\t\ttitle=\"Overgaden Oven Vandet 48B\"\n\t\t\t\t\taria-label=\"Overgaden Oven Vandet 48B\"\n\t\t\t><\/iframe>\n\t\t<\/div>\n\t\t\t\t\t\t<\/div>\n\t\t\t\t<\/div>\n\t\t\t\t<\/div>\n\t\t\t\t\t<\/div>\n\t\t\t\t<\/div>\n\t\t<div class=\"elementor-element elementor-element-4e4d7de e-flex e-con-boxed e-con e-parent\" data-id=\"4e4d7de\" data-element_type=\"container\" data-e-type=\"container\" data-settings=\"{&quot;background_background&quot;:&quot;classic&quot;}\">\n\t\t\t\t\t<div class=\"e-con-inner\">\n\t\t\t\t\t<\/div>\n\t\t\t\t<\/div>\n\t\t\t\t<\/div>\n\t\t","protected":false},"excerpt":{"rendered":"<p>Brug for support? Ring til os p\u00e5 31 67 82 41 eller skriv direkte til support@caresupport.dk Du kan ogs\u00e5 udfylde kontaktformularen, s\u00e5 kontakter vi dig inden for 24 timer! Please enable JavaScript in your browser to complete this form.Please enable JavaScript in your browser to complete this form. Navn * FirstLast Telefon *E-mail *Beskriv dit [&hellip;]<\/p>\n","protected":false},"author":8,"featured_media":0,"parent":0,"menu_order":0,"comment_status":"closed","ping_status":"closed","template":"","meta":{"inline_featured_image":false,"_uf_show_specific_survey":0,"_uf_disable_surveys":false,"footnotes":""},"class_list":["post-580","page","type-page","status-publish","hentry"],"aioseo_notices":[],"_links":{"self":[{"href":"https:\/\/caresupport.dk\/da_dk\/wp-json\/wp\/v2\/pages\/580","targetHints":{"allow":["GET"]}}],"collection":[{"href":"https:\/\/caresupport.dk\/da_dk\/wp-json\/wp\/v2\/pages"}],"about":[{"href":"https:\/\/caresupport.dk\/da_dk\/wp-json\/wp\/v2\/types\/page"}],"author":[{"embeddable":true,"href":"https:\/\/caresupport.dk\/da_dk\/wp-json\/wp\/v2\/users\/8"}],"replies":[{"embeddable":true,"href":"https:\/\/caresupport.dk\/da_dk\/wp-json\/wp\/v2\/comments?post=580"}],"version-history":[{"count":143,"href":"https:\/\/caresupport.dk\/da_dk\/wp-json\/wp\/v2\/pages\/580\/revisions"}],"predecessor-version":[{"id":8530,"href":"https:\/\/caresupport.dk\/da_dk\/wp-json\/wp\/v2\/pages\/580\/revisions\/8530"}],"wp:attachment":[{"href":"https:\/\/caresupport.dk\/da_dk\/wp-json\/wp\/v2\/media?parent=580"}],"curies":[{"name":"wp","href":"https:\/\/api.w.org\/{rel}","templated":true}]}}