{"id":5560,"date":"2025-08-07T08:00:32","date_gmt":"2025-08-07T08:00:32","guid":{"rendered":"https:\/\/caresupport.dk\/?page_id=5560"},"modified":"2026-03-23T08:53:30","modified_gmt":"2026-03-23T08:53:30","slug":"samarbejder","status":"publish","type":"page","link":"https:\/\/caresupport.dk\/da_dk\/samarbejder\/","title":{"rendered":"Samarbejder"},"content":{"rendered":"\t\t<div data-elementor-type=\"wp-page\" data-elementor-id=\"5560\" class=\"elementor elementor-5560\" data-elementor-post-type=\"page\">\n\t\t\t\t<div class=\"elementor-element elementor-element-742a899 e-con-full e-flex e-con e-parent\" data-id=\"742a899\" data-element_type=\"container\" data-e-type=\"container\" data-settings=\"{&quot;background_background&quot;:&quot;classic&quot;}\">\n\t\t\t\t<div class=\"elementor-element elementor-element-899f123 elementor-widget elementor-widget-heading\" data-id=\"899f123\" data-element_type=\"widget\" data-e-type=\"widget\" data-widget_type=\"heading.default\">\n\t\t\t\t<div class=\"elementor-widget-container\">\n\t\t\t\t\t<h1 class=\"elementor-heading-title elementor-size-default\">Samarbejder<\/h1>\t\t\t\t<\/div>\n\t\t\t\t<\/div>\n\t\t\t\t<\/div>\n\t\t<div class=\"elementor-element elementor-element-fd1eef7 e-flex e-con-boxed e-con e-parent\" data-id=\"fd1eef7\" data-element_type=\"container\" data-e-type=\"container\" data-settings=\"{&quot;background_background&quot;:&quot;classic&quot;}\">\n\t\t\t\t\t<div class=\"e-con-inner\">\n\t\t\t\t<div class=\"elementor-element elementor-element-608ad51 elementor-widget elementor-widget-heading\" data-id=\"608ad51\" data-element_type=\"widget\" data-e-type=\"widget\" data-widget_type=\"heading.default\">\n\t\t\t\t<div class=\"elementor-widget-container\">\n\t\t\t\t\t<h2 class=\"elementor-heading-title elementor-size-default\">Mere omkring hvem vi <br>samarbejder med og hvorfor<\/h2>\t\t\t\t<\/div>\n\t\t\t\t<\/div>\n\t\t\t\t<div class=\"elementor-element elementor-element-15fd705 elementor-widget elementor-widget-text-editor\" data-id=\"15fd705\" data-element_type=\"widget\" data-e-type=\"widget\" data-widget_type=\"text-editor.default\">\n\t\t\t\t<div class=\"elementor-widget-container\">\n\t\t\t\t\t\t\t\t\t<p>Hos CareSupport samarbejder vi kun med de bedste, fordi kvalitet og sikkerhed aldrig er til forhandling. Vores partnere er n\u00f8je udvalgt ud fra deres faglige styrker og deres evne til at levere l\u00f8sninger, der matcher vores egne h\u00f8je standarder. Det betyder, at vi kan tilbyde vores kunder netv\u00e6rk, sikkerhed og support, som b\u00e5de er driftsikkert og fremtidssikret. Sammen med vores partnere skaber vi l\u00f8sninger, der holder i l\u00e6ngden.\u00a0<\/p>\t\t\t\t\t\t\t\t<\/div>\n\t\t\t\t<\/div>\n\t\t\t\t\t<\/div>\n\t\t\t\t<\/div>\n\t\t<div class=\"elementor-element elementor-element-b626782 e-flex e-con-boxed e-con e-parent\" data-id=\"b626782\" data-element_type=\"container\" data-e-type=\"container\" data-settings=\"{&quot;background_background&quot;:&quot;classic&quot;}\">\n\t\t\t\t\t<div class=\"e-con-inner\">\n\t\t<div class=\"elementor-element elementor-element-62fe03c e-con-full e-flex e-con e-child\" data-id=\"62fe03c\" data-element_type=\"container\" data-e-type=\"container\">\n\t\t\t\t<div class=\"elementor-element elementor-element-33da332 elementor-align-center elementor-widget elementor-widget-button\" data-id=\"33da332\" data-element_type=\"widget\" data-e-type=\"widget\" data-widget_type=\"button.default\">\n\t\t\t\t<div class=\"elementor-widget-container\">\n\t\t\t\t\t\t\t\t\t<div class=\"elementor-button-wrapper\">\n\t\t\t\t\t<a class=\"elementor-button elementor-button-link elementor-size-sm\" href=\"https:\/\/caresupport.dk\/da_dk\/?page_id=5768&#038;preview=true\" target=\"_blank\">\n\t\t\t\t\t\t<span class=\"elementor-button-content-wrapper\">\n\t\t\t\t\t\t\t\t\t<span class=\"elementor-button-text\">Se mere her<\/span>\n\t\t\t\t\t<\/span>\n\t\t\t\t\t<\/a>\n\t\t\t\t<\/div>\n\t\t\t\t\t\t\t\t<\/div>\n\t\t\t\t<\/div>\n\t\t\t\t<div class=\"elementor-element elementor-element-708bcc4 elementor-widget elementor-widget-image\" data-id=\"708bcc4\" data-element_type=\"widget\" data-e-type=\"widget\" data-widget_type=\"image.default\">\n\t\t\t\t<div class=\"elementor-widget-container\">\n\t\t\t\t\t\t\t\t\t\t\t\t\t\t\t<img fetchpriority=\"high\" decoding=\"async\" width=\"1920\" height=\"1080\" src=\"https:\/\/caresupport.dk\/wp-content\/uploads\/2025\/08\/GladTeknik-logo.webp\" class=\"attachment-full size-full wp-image-5775\" alt=\"\" srcset=\"https:\/\/caresupport.dk\/wp-content\/uploads\/2025\/08\/GladTeknik-logo.webp 1920w, https:\/\/caresupport.dk\/wp-content\/uploads\/2025\/08\/GladTeknik-logo-300x169.webp 300w, https:\/\/caresupport.dk\/wp-content\/uploads\/2025\/08\/GladTeknik-logo-1024x576.webp 1024w, https:\/\/caresupport.dk\/wp-content\/uploads\/2025\/08\/GladTeknik-logo-150x84.webp 150w, https:\/\/caresupport.dk\/wp-content\/uploads\/2025\/08\/GladTeknik-logo-768x432.webp 768w, https:\/\/caresupport.dk\/wp-content\/uploads\/2025\/08\/GladTeknik-logo-1536x864.webp 1536w, https:\/\/caresupport.dk\/wp-content\/uploads\/2025\/08\/GladTeknik-logo-18x10.webp 18w\" sizes=\"(max-width: 1920px) 100vw, 1920px\" \/>\t\t\t\t\t\t\t\t\t\t\t\t\t\t\t<\/div>\n\t\t\t\t<\/div>\n\t\t\t\t<\/div>\n\t\t<div class=\"elementor-element elementor-element-fe97d65 e-con-full e-flex e-con e-child\" data-id=\"fe97d65\" data-element_type=\"container\" data-e-type=\"container\">\n\t\t\t\t<div class=\"elementor-element elementor-element-cec7e2e elementor-widget elementor-widget-image\" data-id=\"cec7e2e\" data-element_type=\"widget\" data-e-type=\"widget\" data-widget_type=\"image.default\">\n\t\t\t\t<div class=\"elementor-widget-container\">\n\t\t\t\t\t\t\t\t\t\t\t\t\t\t\t<img decoding=\"async\" width=\"940\" height=\"395\" src=\"https:\/\/caresupport.dk\/wp-content\/uploads\/2025\/07\/CareSupport-Nyheder-GreenMindXCareSupport-2025-3-e1756797205851.webp\" class=\"attachment-full size-full wp-image-5202\" alt=\"\" srcset=\"https:\/\/caresupport.dk\/wp-content\/uploads\/2025\/07\/CareSupport-Nyheder-GreenMindXCareSupport-2025-3-e1756797205851.webp 940w, https:\/\/caresupport.dk\/wp-content\/uploads\/2025\/07\/CareSupport-Nyheder-GreenMindXCareSupport-2025-3-e1756797205851-300x126.webp 300w, https:\/\/caresupport.dk\/wp-content\/uploads\/2025\/07\/CareSupport-Nyheder-GreenMindXCareSupport-2025-3-e1756797205851-150x63.webp 150w, https:\/\/caresupport.dk\/wp-content\/uploads\/2025\/07\/CareSupport-Nyheder-GreenMindXCareSupport-2025-3-e1756797205851-768x323.webp 768w, https:\/\/caresupport.dk\/wp-content\/uploads\/2025\/07\/CareSupport-Nyheder-GreenMindXCareSupport-2025-3-e1756797205851-18x8.webp 18w\" sizes=\"(max-width: 940px) 100vw, 940px\" \/>\t\t\t\t\t\t\t\t\t\t\t\t\t\t\t<\/div>\n\t\t\t\t<\/div>\n\t\t\t\t<div class=\"elementor-element elementor-element-aaed826 elementor-align-center elementor-widget elementor-widget-button\" data-id=\"aaed826\" data-element_type=\"widget\" data-e-type=\"widget\" data-widget_type=\"button.default\">\n\t\t\t\t<div class=\"elementor-widget-container\">\n\t\t\t\t\t\t\t\t\t<div class=\"elementor-button-wrapper\">\n\t\t\t\t\t<a class=\"elementor-button elementor-button-link elementor-size-sm\" href=\"https:\/\/caresupport.dk\/da_dk\/greenmind-x-caresupport\/\" target=\"_blank\">\n\t\t\t\t\t\t<span class=\"elementor-button-content-wrapper\">\n\t\t\t\t\t\t\t\t\t<span class=\"elementor-button-text\">Se mere her<\/span>\n\t\t\t\t\t<\/span>\n\t\t\t\t\t<\/a>\n\t\t\t\t<\/div>\n\t\t\t\t\t\t\t\t<\/div>\n\t\t\t\t<\/div>\n\t\t\t\t<\/div>\n\t\t<div class=\"elementor-element elementor-element-e663c0f e-con-full e-flex e-con e-child\" data-id=\"e663c0f\" data-element_type=\"container\" data-e-type=\"container\">\n\t\t\t\t<\/div>\n\t\t\t\t\t<\/div>\n\t\t\t\t<\/div>\n\t\t<div class=\"elementor-element elementor-element-67eec3a e-flex e-con-boxed e-con e-parent\" data-id=\"67eec3a\" data-element_type=\"container\" data-e-type=\"container\" data-settings=\"{&quot;background_background&quot;:&quot;classic&quot;}\">\n\t\t\t\t\t<div class=\"e-con-inner\">\n\t\t\t\t<div class=\"elementor-element elementor-element-92914cd elementor-widget elementor-widget-heading\" data-id=\"92914cd\" data-element_type=\"widget\" data-e-type=\"widget\" data-widget_type=\"heading.default\">\n\t\t\t\t<div class=\"elementor-widget-container\">\n\t\t\t\t\t<h2 class=\"elementor-heading-title elementor-size-default\">F\u00f8lg CareSupport og opdag vores IT-samarbejder.\n <br>Nye partnerskaber og digitale l\u00f8sninger pr\u00e6senteres l\u00f8bende p\u00e5 siden.<\/h2>\t\t\t\t<\/div>\n\t\t\t\t<\/div>\n\t\t\t\t<div class=\"elementor-element elementor-element-c6e2193 elementor-widget elementor-widget-text-editor\" data-id=\"c6e2193\" data-element_type=\"widget\" data-e-type=\"widget\" data-widget_type=\"text-editor.default\">\n\t\t\t\t<div class=\"elementor-widget-container\">\n\t\t\t\t\t\t\t\t\t<p>F\u00f8lg os p\u00e5 LinkedIn, og hold dig opdateret p\u00e5 alt det nyeste fra CareSupport.<\/p>\t\t\t\t\t\t\t\t<\/div>\n\t\t\t\t<\/div>\n\t\t\t\t<div class=\"elementor-element elementor-element-063c559 elementor-align-center elementor-widget elementor-widget-button\" data-id=\"063c559\" data-element_type=\"widget\" data-e-type=\"widget\" data-widget_type=\"button.default\">\n\t\t\t\t<div class=\"elementor-widget-container\">\n\t\t\t\t\t\t\t\t\t<div class=\"elementor-button-wrapper\">\n\t\t\t\t\t<a class=\"elementor-button elementor-button-link elementor-size-sm\" href=\"https:\/\/www.linkedin.com\/company\/caresupport-aps\/posts\/\" target=\"_blank\">\n\t\t\t\t\t\t<span class=\"elementor-button-content-wrapper\">\n\t\t\t\t\t\t\t\t\t<span class=\"elementor-button-text\">F\u00f8lg os p\u00e5 LinkedIn her<\/span>\n\t\t\t\t\t<\/span>\n\t\t\t\t\t<\/a>\n\t\t\t\t<\/div>\n\t\t\t\t\t\t\t\t<\/div>\n\t\t\t\t<\/div>\n\t\t\t\t<div class=\"elementor-element elementor-element-84ed0d3 elementor-widget elementor-widget-spacer\" data-id=\"84ed0d3\" data-element_type=\"widget\" data-e-type=\"widget\" data-widget_type=\"spacer.default\">\n\t\t\t\t<div class=\"elementor-widget-container\">\n\t\t\t\t\t\t\t<div class=\"elementor-spacer\">\n\t\t\t<div class=\"elementor-spacer-inner\"><\/div>\n\t\t<\/div>\n\t\t\t\t\t\t<\/div>\n\t\t\t\t<\/div>\n\t\t\t\t\t<\/div>\n\t\t\t\t<\/div>\n\t\t<div class=\"elementor-element elementor-element-b125dc9 e-flex e-con-boxed e-con e-parent\" data-id=\"b125dc9\" data-element_type=\"container\" data-e-type=\"container\" data-settings=\"{&quot;background_background&quot;:&quot;classic&quot;}\">\n\t\t\t\t\t<div class=\"e-con-inner\">\n\t\t\t\t<div class=\"elementor-element elementor-element-833121d elementor-widget elementor-widget-spacer\" data-id=\"833121d\" data-element_type=\"widget\" data-e-type=\"widget\" data-widget_type=\"spacer.default\">\n\t\t\t\t<div class=\"elementor-widget-container\">\n\t\t\t\t\t\t\t<div class=\"elementor-spacer\">\n\t\t\t<div class=\"elementor-spacer-inner\"><\/div>\n\t\t<\/div>\n\t\t\t\t\t\t<\/div>\n\t\t\t\t<\/div>\n\t\t\t\t<div class=\"elementor-element elementor-element-52b3328 elementor-widget elementor-widget-spacer\" data-id=\"52b3328\" data-element_type=\"widget\" data-e-type=\"widget\" data-widget_type=\"spacer.default\">\n\t\t\t\t<div class=\"elementor-widget-container\">\n\t\t\t\t\t\t\t<div class=\"elementor-spacer\">\n\t\t\t<div class=\"elementor-spacer-inner\"><\/div>\n\t\t<\/div>\n\t\t\t\t\t\t<\/div>\n\t\t\t\t<\/div>\n\t\t\t\t<div class=\"elementor-element elementor-element-64476c5 elementor-arrows-position-inside elementor-pagination-position-outside elementor-widget elementor-widget-image-carousel\" data-id=\"64476c5\" data-element_type=\"widget\" data-e-type=\"widget\" data-settings=\"{&quot;navigation&quot;:&quot;both&quot;,&quot;autoplay&quot;:&quot;yes&quot;,&quot;pause_on_hover&quot;:&quot;yes&quot;,&quot;pause_on_interaction&quot;:&quot;yes&quot;,&quot;autoplay_speed&quot;:5000,&quot;infinite&quot;:&quot;yes&quot;,&quot;speed&quot;:500}\" data-widget_type=\"image-carousel.default\">\n\t\t\t\t<div class=\"elementor-widget-container\">\n\t\t\t\t\t\t\t<div class=\"elementor-image-carousel-wrapper swiper\" role=\"region\" aria-roledescription=\"carousel\" aria-label=\"Billedkarussel\" dir=\"ltr\">\n\t\t\t<div class=\"elementor-image-carousel swiper-wrapper swiper-image-stretch\" aria-live=\"off\">\n\t\t\t\t\t\t\t\t<div class=\"swiper-slide\" role=\"group\" aria-roledescription=\"slide\" aria-label=\"1 of 3\"><figure class=\"swiper-slide-inner\"><img decoding=\"async\" class=\"swiper-slide-image\" src=\"https:\/\/caresupport.dk\/wp-content\/uploads\/2025\/08\/P1021878-1024x768.webp\" alt=\"P1021878\" \/><\/figure><\/div><div class=\"swiper-slide\" role=\"group\" aria-roledescription=\"slide\" aria-label=\"2 of 3\"><figure class=\"swiper-slide-inner\"><img decoding=\"async\" class=\"swiper-slide-image\" src=\"https:\/\/caresupport.dk\/wp-content\/uploads\/2025\/08\/P1021872-1024x768.webp\" alt=\"P1021872\" \/><\/figure><\/div><div class=\"swiper-slide\" role=\"group\" aria-roledescription=\"slide\" aria-label=\"3 of 3\"><figure class=\"swiper-slide-inner\"><img decoding=\"async\" class=\"swiper-slide-image\" src=\"https:\/\/caresupport.dk\/wp-content\/uploads\/2025\/03\/att.HYQwcZR95l7Eljn2bEX0gep-WVzmNOYlniUur06MHX4.webp\" alt=\"\" \/><\/figure><\/div>\t\t\t<\/div>\n\t\t\t\t\t\t\t\t\t\t\t\t<div class=\"elementor-swiper-button elementor-swiper-button-prev\" role=\"button\" tabindex=\"0\">\n\t\t\t\t\t\t<svg aria-hidden=\"true\" class=\"e-font-icon-svg e-eicon-chevron-left\" viewBox=\"0 0 1000 1000\" xmlns=\"http:\/\/www.w3.org\/2000\/svg\"><path d=\"M646 125C629 125 613 133 604 142L308 442C296 454 292 471 292 487 292 504 296 521 308 533L604 854C617 867 629 875 646 875 663 875 679 871 692 858 704 846 713 829 713 812 713 796 708 779 692 767L438 487 692 225C700 217 708 204 708 187 708 171 704 154 692 142 675 129 663 125 646 125Z\"><\/path><\/svg>\t\t\t\t\t<\/div>\n\t\t\t\t\t<div class=\"elementor-swiper-button elementor-swiper-button-next\" role=\"button\" tabindex=\"0\">\n\t\t\t\t\t\t<svg aria-hidden=\"true\" class=\"e-font-icon-svg e-eicon-chevron-right\" viewBox=\"0 0 1000 1000\" xmlns=\"http:\/\/www.w3.org\/2000\/svg\"><path d=\"M696 533C708 521 713 504 713 487 713 471 708 454 696 446L400 146C388 133 375 125 354 125 338 125 325 129 313 142 300 154 292 171 292 187 292 204 296 221 308 233L563 492 304 771C292 783 288 800 288 817 288 833 296 850 308 863 321 871 338 875 354 875 371 875 388 867 400 854L696 533Z\"><\/path><\/svg>\t\t\t\t\t<\/div>\n\t\t\t\t\n\t\t\t\t\t\t\t\t\t<div class=\"swiper-pagination\"><\/div>\n\t\t\t\t\t\t\t\t\t<\/div>\n\t\t\t\t\t\t<\/div>\n\t\t\t\t<\/div>\n\t\t\t\t\t<\/div>\n\t\t\t\t<\/div>\n\t\t\t\t<\/div>\n\t\t","protected":false},"excerpt":{"rendered":"<p>Samarbejder Mere omkring hvem vi samarbejder med og hvorfor Hos CareSupport samarbejder vi kun med de bedste, fordi kvalitet og sikkerhed aldrig er til forhandling. Vores partnere er n\u00f8je udvalgt ud fra deres faglige styrker og deres evne til at levere l\u00f8sninger, der matcher vores egne h\u00f8je standarder. Det betyder, at vi kan tilbyde vores [&hellip;]<\/p>\n","protected":false},"author":8,"featured_media":0,"parent":0,"menu_order":0,"comment_status":"closed","ping_status":"closed","template":"","meta":{"inline_featured_image":false,"_uf_show_specific_survey":0,"_uf_disable_surveys":false,"footnotes":""},"class_list":["post-5560","page","type-page","status-publish","hentry"],"aioseo_notices":[],"_links":{"self":[{"href":"https:\/\/caresupport.dk\/da_dk\/wp-json\/wp\/v2\/pages\/5560","targetHints":{"allow":["GET"]}}],"collection":[{"href":"https:\/\/caresupport.dk\/da_dk\/wp-json\/wp\/v2\/pages"}],"about":[{"href":"https:\/\/caresupport.dk\/da_dk\/wp-json\/wp\/v2\/types\/page"}],"author":[{"embeddable":true,"href":"https:\/\/caresupport.dk\/da_dk\/wp-json\/wp\/v2\/users\/8"}],"replies":[{"embeddable":true,"href":"https:\/\/caresupport.dk\/da_dk\/wp-json\/wp\/v2\/comments?post=5560"}],"version-history":[{"count":82,"href":"https:\/\/caresupport.dk\/da_dk\/wp-json\/wp\/v2\/pages\/5560\/revisions"}],"predecessor-version":[{"id":7961,"href":"https:\/\/caresupport.dk\/da_dk\/wp-json\/wp\/v2\/pages\/5560\/revisions\/7961"}],"wp:attachment":[{"href":"https:\/\/caresupport.dk\/da_dk\/wp-json\/wp\/v2\/media?parent=5560"}],"curies":[{"name":"wp","href":"https:\/\/api.w.org\/{rel}","templated":true}]}}