{"id":150,"date":"2024-02-22T14:20:32","date_gmt":"2024-02-22T14:20:32","guid":{"rendered":"https:\/\/wordpress-1213061-4360869.cloudwaysapps.com\/?page_id=150"},"modified":"2024-02-22T14:22:16","modified_gmt":"2024-02-22T14:22:16","slug":"sitemap","status":"publish","type":"page","link":"https:\/\/caresupport.dk\/da_dk\/sitemap\/","title":{"rendered":"Sitemap"},"content":{"rendered":"\t\t<div data-elementor-type=\"wp-page\" data-elementor-id=\"150\" class=\"elementor elementor-150\" data-elementor-post-type=\"page\">\n\t\t\t\t<div class=\"elementor-element elementor-element-aaae95d e-flex e-con-boxed e-con e-parent\" data-id=\"aaae95d\" data-element_type=\"container\" data-e-type=\"container\">\n\t\t\t\t\t<div class=\"e-con-inner\">\n\t\t\t\t<div class=\"elementor-element elementor-element-30b9a85 elementor-widget elementor-widget-heading\" data-id=\"30b9a85\" data-element_type=\"widget\" data-e-type=\"widget\" data-widget_type=\"heading.default\">\n\t\t\t\t<div class=\"elementor-widget-container\">\n\t\t\t\t\t<h2 class=\"elementor-heading-title elementor-size-default\">Sitemap<\/h2>\t\t\t\t<\/div>\n\t\t\t\t<\/div>\n\t\t\t\t<div class=\"elementor-element elementor-element-e8284c2 elementor-widget elementor-widget-sitemap\" data-id=\"e8284c2\" data-element_type=\"widget\" data-e-type=\"widget\" data-widget_type=\"sitemap.default\">\n\t\t\t\t<div class=\"elementor-widget-container\">\n\t\t\t\t\t<div class=\"elementor-sitemap-wrap\"><div class=\"elementor-sitemap-section\"><h2 class=\"elementor-sitemap-title elementor-sitemap-page-title\">Sider<\/h2><ul class=\"elementor-sitemap-list elementor-sitemap-page-list\"><li class=\"elementor-sitemap-item elementor-sitemap-item-page page_item page-item-8698\"><a href=\"https:\/\/caresupport.dk\/da_dk\/unify\/\">UniFi<\/a><\/li><li class=\"elementor-sitemap-item elementor-sitemap-item-page page_item page-item-8561\"><a href=\"https:\/\/caresupport.dk\/da_dk\/active-directory-styring-og-automatisering\/\">Active Directory &#8211; Styring og Automatisering\u200b<\/a><\/li><li class=\"elementor-sitemap-item elementor-sitemap-item-page page_item page-item-7640\"><a href=\"https:\/\/caresupport.dk\/da_dk\/job-og-karriere-i-caresupport\/\">Job og karriere i CareSupport<\/a><\/li><li class=\"elementor-sitemap-item elementor-sitemap-item-page page_item page-item-8114\"><a href=\"https:\/\/caresupport.dk\/da_dk\/udekoerende-it-support\/\">Udek\u00f8rende IT-support<\/a><\/li><li class=\"elementor-sitemap-item elementor-sitemap-item-page page_item page-item-7533\"><a href=\"https:\/\/caresupport.dk\/da_dk\/multifaktorautentificering-mfa\/\">Multifaktorautentificering (MFA)<\/a><\/li><li class=\"elementor-sitemap-item elementor-sitemap-item-page page_item page-item-7014\"><a href=\"https:\/\/caresupport.dk\/da_dk\/hardwarehaandtering-it-sikkerhed\/\">Hardwareh\u00e5ndtering &amp; IT-Sikkerhed<\/a><\/li><li class=\"elementor-sitemap-item elementor-sitemap-item-page page_item page-item-6793\"><a href=\"https:\/\/caresupport.dk\/da_dk\/microsoft-intune-sikker-enhedsstyring\/\">Microsoft Intune<\/a><\/li><li class=\"elementor-sitemap-item elementor-sitemap-item-page page_item page-item-6757\"><a href=\"https:\/\/caresupport.dk\/da_dk\/it-support-til-private-og-virksomheder\/\">IT-Support<\/a><\/li><li class=\"elementor-sitemap-item elementor-sitemap-item-page page_item page-item-6646\"><a href=\"https:\/\/caresupport.dk\/da_dk\/1password-beskyt-jeres-virksomheds-adgangskoder\/\">1Password\u200b &#8211; beskyt jeres virksomheds adgangskoder<\/a><\/li><li class=\"elementor-sitemap-item elementor-sitemap-item-page page_item page-item-6442\"><a href=\"https:\/\/caresupport.dk\/da_dk\/saadan-undgaar-du-kaos-i-printkoeen\/\">Undg\u00e5 kaos i printk\u00f8en<\/a><\/li><li class=\"elementor-sitemap-item elementor-sitemap-item-page page_item page-item-6166\"><a href=\"https:\/\/caresupport.dk\/da_dk\/ubiquiti-netvaerk-unifi-opsaetning\/\">Ubiquiti Netv\u00e6rk &amp; UniFi Ops\u00e6tning<\/a><\/li><li class=\"elementor-sitemap-item elementor-sitemap-item-page page_item page-item-5805\"><a href=\"https:\/\/caresupport.dk\/da_dk\/ekstra\/\">Ekstra<\/a><\/li><li class=\"elementor-sitemap-item elementor-sitemap-item-page page_item page-item-5560\"><a href=\"https:\/\/caresupport.dk\/da_dk\/samarbejder\/\">Samarbejder<\/a><\/li><li class=\"elementor-sitemap-item elementor-sitemap-item-page page_item page-item-5170\"><a href=\"https:\/\/caresupport.dk\/da_dk\/greenmind-x-caresupport\/\">GreenMind x CareSupport<\/a><\/li><li class=\"elementor-sitemap-item elementor-sitemap-item-page page_item page-item-5327\"><a href=\"https:\/\/caresupport.dk\/da_dk\/kontakt\/\">Kontakt<\/a><\/li><li class=\"elementor-sitemap-item elementor-sitemap-item-page page_item page-item-4242\"><a href=\"https:\/\/caresupport.dk\/da_dk\/\">Forside<\/a><\/li><li class=\"elementor-sitemap-item elementor-sitemap-item-page page_item page-item-3893\"><a href=\"https:\/\/caresupport.dk\/da_dk\/priser\/\">Priser<\/a><\/li><li class=\"elementor-sitemap-item elementor-sitemap-item-page page_item page-item-1315\"><a href=\"https:\/\/caresupport.dk\/da_dk\/cases\/case-study-netvaerksopsaetning-for-mikkeller-aps\/\">Case: Sikker, stabil og fremtidssikret netv\u00e6rksl\u00f8sning<\/a><\/li><li class=\"elementor-sitemap-item elementor-sitemap-item-page page_item page-item-1319\"><a href=\"https:\/\/caresupport.dk\/da_dk\/cases\/case-study-netvaerkslosning-til-retail-for-lakrids-by-bulow\/\">Case: Netv\u00e6rksl\u00f8sning til Retail<\/a><\/li><li class=\"elementor-sitemap-item elementor-sitemap-item-page page_item page-item-1317\"><a href=\"https:\/\/caresupport.dk\/da_dk\/cases\/implementering-af-nis2-certificering-for-dearfuture\/\">Case: Implementering Af NIS2 Certificering<\/a><\/li><li class=\"elementor-sitemap-item elementor-sitemap-item-page page_item page-item-1276\"><a href=\"https:\/\/caresupport.dk\/da_dk\/ydelser\/nis2\/\">NIS2 Compliance &#8211; R\u00e5dgivning og IT-sikkerhed<\/a><\/li><li class=\"elementor-sitemap-item elementor-sitemap-item-page page_item page-item-1212\"><a href=\"https:\/\/caresupport.dk\/da_dk\/hvad-er-firewalls\/\">Hvad er firewalls<\/a><\/li><li class=\"elementor-sitemap-item elementor-sitemap-item-page page_item page-item-1190\"><a href=\"https:\/\/caresupport.dk\/da_dk\/cutting-edge-access-points\/\">Cutting-edge Access Points<\/a><\/li><li class=\"elementor-sitemap-item elementor-sitemap-item-page page_item page-item-1115\"><a href=\"https:\/\/caresupport.dk\/da_dk\/vores-it-konsulenter\/\">Vores IT-konsulenter<\/a><\/li><li class=\"elementor-sitemap-item elementor-sitemap-item-page page_item page-item-830\"><a href=\"https:\/\/caresupport.dk\/da_dk\/nyheder\/\">Nyheder<\/a><\/li><li class=\"elementor-sitemap-item elementor-sitemap-item-page page_item page-item-795\"><a href=\"https:\/\/caresupport.dk\/da_dk\/igangvaerende-projekter\/\">Igangv\u00e6rende projekter<\/a><\/li><li class=\"elementor-sitemap-item elementor-sitemap-item-page page_item page-item-777\"><a href=\"https:\/\/caresupport.dk\/da_dk\/ydelser\/it-leverandorer-licenser-og-abonnementer\/\">IT-leverand\u00f8rer, licenser og abonnementer<\/a><\/li><li class=\"elementor-sitemap-item elementor-sitemap-item-page page_item page-item-776\"><a href=\"https:\/\/caresupport.dk\/da_dk\/ydelser\/server\/\">Server<\/a><\/li><li class=\"elementor-sitemap-item elementor-sitemap-item-page page_item page-item-738\"><a href=\"https:\/\/caresupport.dk\/da_dk\/ydelser\/administration-af-medarbejdere\/\">Administration af medarbejdere<\/a><\/li><li class=\"elementor-sitemap-item elementor-sitemap-item-page page_item page-item-749\"><a href=\"https:\/\/caresupport.dk\/da_dk\/cases\/\">Cases<\/a><\/li><li class=\"elementor-sitemap-item elementor-sitemap-item-page page_item page-item-744\"><a href=\"https:\/\/caresupport.dk\/da_dk\/ydelser\/netvaerk-og-netvaerksoptimering\/\">Netv\u00e6rk og Netv\u00e6rksops\u00e6tning<\/a><\/li><li class=\"elementor-sitemap-item elementor-sitemap-item-page page_item page-item-739\"><a href=\"https:\/\/caresupport.dk\/da_dk\/ydelser\/enhedsstyring-mdm\/\">Enhedsstyring &#038; MDM<\/a><\/li><li class=\"elementor-sitemap-item elementor-sitemap-item-page page_item page-item-737\"><a href=\"https:\/\/caresupport.dk\/da_dk\/ydelser\/softwareudvikling\/\">Softwareudvikling<\/a><\/li><li class=\"elementor-sitemap-item elementor-sitemap-item-page page_item page-item-736\"><a href=\"https:\/\/caresupport.dk\/da_dk\/ydelser\/firewall-sikkerhed\/\">Firewall &#038; sikkerhed<\/a><\/li><li class=\"elementor-sitemap-item elementor-sitemap-item-page page_item page-item-638\"><a href=\"https:\/\/caresupport.dk\/da_dk\/om-os\/\">Om os<\/a><\/li><li class=\"elementor-sitemap-item elementor-sitemap-item-page page_item page-item-580\"><a href=\"https:\/\/caresupport.dk\/da_dk\/fa-support-nu\/\">F\u00e5 support nu<\/a><\/li><li class=\"elementor-sitemap-item elementor-sitemap-item-page page_item page-item-532\"><a href=\"https:\/\/caresupport.dk\/da_dk\/ydelser\/it-support-og-drift\/\">IT support og drift<\/a><\/li><li class=\"elementor-sitemap-item elementor-sitemap-item-page page_item page-item-479\"><a href=\"https:\/\/caresupport.dk\/da_dk\/ydelser\/\">Vores ydelser<\/a><\/li><li class=\"elementor-sitemap-item elementor-sitemap-item-page page_item page-item-150\"><a href=\"https:\/\/caresupport.dk\/da_dk\/sitemap\/\">Sitemap<\/a><\/li><\/ul><\/div><\/div>\t\t\t\t<\/div>\n\t\t\t\t<\/div>\n\t\t\t\t\t<\/div>\n\t\t\t\t<\/div>\n\t\t\t\t<\/div>\n\t\t","protected":false},"excerpt":{"rendered":"<p>Sitemap<\/p>\n","protected":false},"author":1,"featured_media":0,"parent":0,"menu_order":0,"comment_status":"closed","ping_status":"closed","template":"","meta":{"inline_featured_image":false,"_uf_show_specific_survey":0,"_uf_disable_surveys":false,"footnotes":""},"class_list":["post-150","page","type-page","status-publish","hentry"],"aioseo_notices":[],"_links":{"self":[{"href":"https:\/\/caresupport.dk\/da_dk\/wp-json\/wp\/v2\/pages\/150","targetHints":{"allow":["GET"]}}],"collection":[{"href":"https:\/\/caresupport.dk\/da_dk\/wp-json\/wp\/v2\/pages"}],"about":[{"href":"https:\/\/caresupport.dk\/da_dk\/wp-json\/wp\/v2\/types\/page"}],"author":[{"embeddable":true,"href":"https:\/\/caresupport.dk\/da_dk\/wp-json\/wp\/v2\/users\/1"}],"replies":[{"embeddable":true,"href":"https:\/\/caresupport.dk\/da_dk\/wp-json\/wp\/v2\/comments?post=150"}],"version-history":[{"count":0,"href":"https:\/\/caresupport.dk\/da_dk\/wp-json\/wp\/v2\/pages\/150\/revisions"}],"wp:attachment":[{"href":"https:\/\/caresupport.dk\/da_dk\/wp-json\/wp\/v2\/media?parent=150"}],"curies":[{"name":"wp","href":"https:\/\/api.w.org\/{rel}","templated":true}]}}